{"id":466,"date":"2016-09-07T15:49:03","date_gmt":"2016-09-07T14:49:03","guid":{"rendered":"http:\/\/www.alunotherapy.com\/es\/?page_id=466"},"modified":"2016-09-07T15:49:03","modified_gmt":"2016-09-07T14:49:03","slug":"polvos-para-pies-a-piedra-de-alumbre","status":"publish","type":"page","link":"https:\/\/www.alunotherapy.com\/es\/cuidado-de-los-pies\/polvos-para-pies-a-piedra-de-alumbre\/","title":{"rendered":"Polvos para pies a la piedra de alumbre"},"content":{"rendered":"<p>[et_pb_section admin_label=\u00bbsection\u00bb][et_pb_row admin_label=\u00bbrow\u00bb][et_pb_column type=\u00bb4_4&#8243;][et_pb_text admin_label=\u00bbTexte\u00bb background_layout=\u00bblight\u00bb text_orientation=\u00bbleft\u00bb use_border_color=\u00bboff\u00bb border_color=\u00bb#ffffff\u00bb border_style=\u00bbsolid\u00bb]<\/p>\n<h1>Poudre pieds Aluntherapy<\/h1>\n<h1>Pierre d&#8217;alun &#8211; Talc de Luzenac<\/h1>\n<p>[\/et_pb_text][\/et_pb_column][\/et_pb_row][et_pb_row admin_label=\u00bbLigne\u00bb][et_pb_column type=\u00bb1_4&#8243;][et_pb_sidebar admin_label=\u00bbBarre lat\u00e9rale\u00bb orientation=\u00bbleft\u00bb area=\u00bbet_pb_widget_area_4&#8243; background_layout=\u00bblight\u00bb remove_border=\u00bboff\u00bb module_class=\u00bbmenu-vertical\u00bb] [\/et_pb_sidebar][\/et_pb_column][et_pb_column type=\u00bb3_4&#8243;][et_pb_text admin_label=\u00bbTexte\u00bb background_layout=\u00bblight\u00bb text_orientation=\u00bbleft\u00bb use_border_color=\u00bboff\u00bb border_color=\u00bb#ffffff\u00bb border_style=\u00bbsolid\u00bb]<\/p>\n<p style=\"text-align: justify;\">Efficace contre les probl\u00e8mes de transpiration gr\u00e2ce \u00e0 la pierre l\u2019alun de potassium et \u00e0 la Sauge contenu dans ce produit, la poudre <img loading=\"lazy\" decoding=\"async\" class=\"alignright wp-image-325\" src=\"http:\/\/www.alunotherapy.com\/wp-content\/uploads\/2016\/04\/Poudre-pieds-mains-BD-134x300.jpg\" alt=\"Poudre pieds pierre d'alun\" width=\"120\" height=\"269\" srcset=\"https:\/\/www.alunotherapy.com\/wp-content\/uploads\/2016\/04\/Poudre-pieds-mains-BD-134x300.jpg 134w, https:\/\/www.alunotherapy.com\/wp-content\/uploads\/2016\/04\/Poudre-pieds-mains-BD.jpg 445w\" sizes=\"(max-width: 120px) 100vw, 120px\" \/>\u00a0pieds peut s\u2019utiliser en pr\u00e9vention en appliquant le produit directement sur les zones \u00e0 traiter,\u00a0 mais aussi dans les chaussures afin<br \/>\nd\u2019\u00e9viter la prolif\u00e9ration des bact\u00e9ries.<\/p>\n<p>La pr\u00e9sence d\u2019acide borique et d\u2019Huile de Melaleuca, \u00e9vitera l\u2019apparition des microbes.<\/p>\n<p>Le talc et les Huiles Essentielles prot\u00e9geront vos pieds et vous garantiront une sensation de bien \u00eatre.<\/p>\n<p>Les extraits d&#8217;Eucalyptus et de Menthe\u00a0procureront une sensation de fra\u00eecheur.<\/p>\n<p>Conseil d\u2019utilisation : \u00e0 appliquer dans ces chaussures avant et\/ou apr\u00e8s utilisation pour \u00e9viter les mauvaises odeurs.<img loading=\"lazy\" decoding=\"async\" class=\"size-full wp-image-390 alignright\" src=\"http:\/\/www.alunotherapy.com\/wp-content\/uploads\/2016\/04\/Logo-Triman.jpg\" alt=\"Logo Triman\" width=\"40\" height=\"38\" \/><\/p>\n<p>[\/et_pb_text][et_pb_divider admin_label=\u00bbS\u00e9parateur\u00bb color=\u00bb#ffffff\u00bb show_divider=\u00bboff\u00bb divider_style=\u00bbsolid\u00bb divider_position=\u00bbtop\u00bb hide_on_mobile=\u00bbon\u00bb height=\u00bb50&#8243;] [\/et_pb_divider][et_pb_toggle admin_label=\u00bbBascule\u00bb title=\u00bbCaract\u00e9ristiques\u00bb open=\u00bboff\u00bb use_border_color=\u00bboff\u00bb border_color=\u00bb#ffffff\u00bb border_style=\u00bbsolid\u00bb]<\/p>\n<p style=\"text-align: justify;\">Facile \u00e0 appliquer gr\u00e2ce \u00e0 son bouchon doseur notre poudre d&#8217;alun peut s&#8217;utiliser sur toutes les parties du corps \u00e0 traiter (pieds, mains aisselles).<\/p>\n<p>Peut s&#8217;appliquer directement au contact de la peau.<\/p>\n<p style=\"text-align: justify;\">Peut \u00e9galement s&#8217;appliquer dans les chaussures avant et:ou apr\u00e8s l\u2019utilisation pour \u00e9viter l\u2019apparition des mauvaises odeurs.<\/p>\n<p>[\/et_pb_toggle][et_pb_toggle admin_label=\u00bbBascule\u00bb title=\u00bbIngr\u00e9dients\u00bb open=\u00bboff\u00bb use_border_color=\u00bboff\u00bb border_color=\u00bb#ffffff\u00bb border_style=\u00bbsolid\u00bb]<\/p>\n<p style=\"text-align: justify;\">Talc, Potassium Alum, Silica, Boric Acid, Menthyl lactate, eucalyptus globulus leaf oil, mentha arvensis leaf oil, salvia sclarea oil, melaleuca ternifolia leaf oil, sodium benzoate, geraniol, limonene, linalool<\/p>\n<p>[\/et_pb_toggle][et_pb_text admin_label=\u00bbTexte\u00bb global_module=\u00bb213&#8243; saved_tabs=\u00bball\u00bb background_layout=\u00bblight\u00bb text_orientation=\u00bbright\u00bb use_border_color=\u00bboff\u00bb border_color=\u00bb#ffffff\u00bb border_style=\u00bbsolid\u00bb] <div class=\"printfriendly pf-button  pf-alignleft\">\n                    <a href=\"https:\/\/www.alunotherapy.com\/es\/cuidado-de-los-pies\/polvos-para-pies-a-piedra-de-alumbre\/?pfstyle=wp\" rel=\"nofollow\" onclick=\"\" title=\"Printer Friendly, PDF & Email\">\n                    <img decoding=\"async\" class=\"pf-button-img\" src=\"https:\/\/cdn.printfriendly.com\/buttons\/printfriendly-pdf-button-nobg.png\" alt=\"Print Friendly, PDF & Email\" style=\"width: 112px;height: 24px;\"  \/>\n                    <\/a>\n                <\/div> [\/et_pb_text][\/et_pb_column][\/et_pb_row][\/et_pb_section]<\/p>\n","protected":false},"excerpt":{"rendered":"<p>Poudre pieds Aluntherapy Pierre d&#8217;alun &#8211; Talc de Luzenac Efficace contre les probl\u00e8mes de transpiration gr\u00e2ce \u00e0 la pierre l\u2019alun de potassium et \u00e0 la Sauge contenu dans ce produit, la poudre \u00a0pieds peut s\u2019utiliser en pr\u00e9vention en appliquant le produit directement sur les zones \u00e0 traiter,\u00a0 mais aussi dans les chaussures afin d\u2019\u00e9viter la [&hellip;]<\/p>\n","protected":false},"author":1,"featured_media":0,"parent":465,"menu_order":0,"comment_status":"closed","ping_status":"closed","template":"","meta":{"_et_pb_use_builder":"on","_et_pb_old_content":"","_et_gb_content_width":"","footnotes":""},"class_list":["post-466","page","type-page","status-publish","hentry"],"_links":{"self":[{"href":"https:\/\/www.alunotherapy.com\/es\/wp-json\/wp\/v2\/pages\/466","targetHints":{"allow":["GET"]}}],"collection":[{"href":"https:\/\/www.alunotherapy.com\/es\/wp-json\/wp\/v2\/pages"}],"about":[{"href":"https:\/\/www.alunotherapy.com\/es\/wp-json\/wp\/v2\/types\/page"}],"author":[{"embeddable":true,"href":"https:\/\/www.alunotherapy.com\/es\/wp-json\/wp\/v2\/users\/1"}],"replies":[{"embeddable":true,"href":"https:\/\/www.alunotherapy.com\/es\/wp-json\/wp\/v2\/comments?post=466"}],"version-history":[{"count":1,"href":"https:\/\/www.alunotherapy.com\/es\/wp-json\/wp\/v2\/pages\/466\/revisions"}],"predecessor-version":[{"id":474,"href":"https:\/\/www.alunotherapy.com\/es\/wp-json\/wp\/v2\/pages\/466\/revisions\/474"}],"up":[{"embeddable":true,"href":"https:\/\/www.alunotherapy.com\/es\/wp-json\/wp\/v2\/pages\/465"}],"wp:attachment":[{"href":"https:\/\/www.alunotherapy.com\/es\/wp-json\/wp\/v2\/media?parent=466"}],"curies":[{"name":"wp","href":"https:\/\/api.w.org\/{rel}","templated":true}]}}