{"id":464,"date":"2016-09-07T15:48:22","date_gmt":"2016-09-07T14:48:22","guid":{"rendered":"http:\/\/www.alunotherapy.com\/es\/?page_id=464"},"modified":"2018-10-23T11:16:33","modified_gmt":"2018-10-23T10:16:33","slug":"aviso-legal","status":"publish","type":"page","link":"https:\/\/www.alunotherapy.com\/es\/aviso-legal\/","title":{"rendered":"Aviso legal"},"content":{"rendered":"<p>[et_pb_section fb_built=\u00bb1&#8243; admin_label=\u00bbsection\u00bb _builder_version=\u00bb3.0.47&#8243;][et_pb_row admin_label=\u00bbrow\u00bb _builder_version=\u00bb3.0.48&#8243; background_size=\u00bbinitial\u00bb background_position=\u00bbtop_left\u00bb background_repeat=\u00bbrepeat\u00bb][et_pb_column type=\u00bb4_4&#8243; _builder_version=\u00bb3.0.47&#8243; parallax=\u00bboff\u00bb parallax_method=\u00bbon\u00bb][et_pb_text admin_label=\u00bbTexte\u00bb _builder_version=\u00bb3.0.87&#8243; background_size=\u00bbinitial\u00bb background_position=\u00bbtop_left\u00bb background_repeat=\u00bbrepeat\u00bb use_border_color=\u00bboff\u00bb border_color=\u00bb#ffffff\u00bb border_style=\u00bbsolid\u00bb]<strong>Mentions l\u00e9gales<\/strong><\/p>\n<p>Le pr\u00e9sent site est la propri\u00e9t\u00e9 de la soci\u00e9t\u00e9 Laboratoire OSMA SARL\u00a0au capital de 68000 euros, inscrite au registre du commerce et des soci\u00e9t\u00e9s de Lyon, sous le num\u00e9ro B 383 005 147, dont le si\u00e8ge social est situ\u00e9 : 110 Voie Romaine, 69290 Craponne \u2013 T\u00e9l. :04 78 57 97 18<\/p>\n<p>L\u2019utilisateur reconna\u00eet avoir pris connaissance de la pr\u00e9sente notice l\u00e9gale et s\u2019engage \u00e0 la respecter. La direction de la publication du site Web est au service commercial de la soci\u00e9t\u00e9 Laboratoire OSMA<\/p>\n<p>Le prestataire assurant le stockage direct et permanent est la soci\u00e9t\u00e9 XXL factory SAS dont l\u2019adresse du site est : <a href=\"http:\/\/www.xxl-factory.com\">www.xxl-factory.com<\/a><\/p>\n<p>L\u2019utilisateur est notamment inform\u00e9 que, conform\u00e9ment \u00e0 l\u2019article 27 de la Loi Informatique, fichiers et libert\u00e9s du 6 janvier 1978, les informations communiqu\u00e9es par l\u2019utilisateur via les formulaires pr\u00e9sents sur le site, sont n\u00e9cessaires pour r\u00e9pondre \u00e0 sa demande et sont destin\u00e9s uniquement \u00e0 l\u2019exploitant du site Web, responsable du traitement, \u00e0 des fins de gestion administrative et commerciale.<\/p>\n<p>L\u2019utilisateur du site Web <a href=\"http:\/\/www.alunotherapy.com\">www.alunotherapy.com<\/a> reconnait avoir v\u00e9rifi\u00e9 que la configuration informatique utilis\u00e9e ne contient aucun virus et qu\u2019elle est en parfait \u00e9tat de fonctionnement.<\/p>\n<p>L\u2019utilisateur du site web reconnait disposer de la comp\u00e9tence et des moyens n\u00e9cessaires pour acc\u00e9der et utiliser ce site.<\/p>\n<p>L\u2019utilisateur reconnait avoir \u00e9t\u00e9 inform\u00e9 que le site web <a href=\"http:\/\/www.aluna-cosmetics.com\">www.alunotherapy.com<\/a> est accessible 24 heures\/24 heures et 7 jours\/7 jours, \u00e0 l\u2019exception des cas de force majeure, difficult\u00e9s informatiques, difficult\u00e9s li\u00e9es \u00e0 la structure des r\u00e9seaux de t\u00e9l\u00e9communications ou difficult\u00e9s techniques.<\/p>\n<p>Pour des raisons de maintenance, la soci\u00e9t\u00e9 Laboratoires Osma pourra interrompre l\u2019acc\u00e8s \u00e0 son site et s\u2019efforcera d\u2019en avertir pr\u00e9alablement les utilisateurs.<\/p>\n<p>La soci\u00e9t\u00e9 Laboratoire Osma met tout en \u0153uvre pour offrir aux utilisateurs des informations et\/ou des outils disponibles et v\u00e9rifi\u00e9s, mais ne saurait \u00eatre tenue pour responsable des erreurs, d\u2019une absence de disponibilit\u00e9 des informations et\/ou de la pr\u00e9sence de virus sur son site.<\/p>\n<p>Les informations fournies par la soci\u00e9t\u00e9\u00a0Laboratoire Osma le sont \u00e0 titre indicatif.<\/p>\n<p>La soci\u00e9t\u00e9 Laboratoire Osma ne saurait garantir l\u2019exactitude, la compl\u00e9tude, l\u2019actualit\u00e9 des informations diffus\u00e9es sur son site. En cons\u00e9quence, l\u2019utilisateur reconnait utiliser ces informations sous sa responsabilit\u00e9 exclusive.<\/p>\n<p>La structure g\u00e9n\u00e9rale, ainsi que les textes, images anim\u00e9es ou non et tous les autres \u00e9l\u00e9ments composant ce site Web et notamment les services et produits sont la propri\u00e9t\u00e9 exclusive de la soci\u00e9t\u00e9 Laboratoire Osma et\/ou des \u00e9l\u00e9ments sur lesquels la soci\u00e9t\u00e9 Laboratoire Osma dispose de droits notamment d\u2019exploitation permettant leur diffusion et communication. En cons\u00e9quence, toute reproduction de ces \u00e9l\u00e9ments est formellement interdite sauf dispositions expresses contraires indiqu\u00e9es sur le site et autorisant la reproduction partielle de certains \u00e9l\u00e9ments. Cette repr\u00e9sentation ou reproduction, par quelque proc\u00e9d\u00e9 que ce soit, constitue une contrefa\u00e7on sanctionn\u00e9e par les articles L.335-2 et suivants du Code de la Propri\u00e9t\u00e9 Intellectuelle.<\/p>\n<p>Les marques Laboratoire Osma et OSMA ALUNOTHERAPY \u00a0sont des marques prot\u00e9g\u00e9es. Toute reproduction totale ou partielle de ces marques sans l\u2019autorisation pr\u00e9alable et expresse de la soci\u00e9t\u00e9 Laboratoire Osma est donc prohib\u00e9e.<\/p>\n<p>Tous les noms de produits ou de soci\u00e9t\u00e9s mentionn\u00e9s dans le pr\u00e9sent site et n\u2019appartenant pas \u00e0\u00a0Laboratoire Osma sont des marques d\u00e9pos\u00e9es par leurs titulaires respectifs.<\/p>\n<p>Enfin, les liens hypertextes mis en place dans le cadre du pr\u00e9sent site Web en direction d\u2019autres ressources pr\u00e9sentes sur le r\u00e9seau internet ne sauraient engager la responsabilit\u00e9 de la soci\u00e9t\u00e9 Laboratoire Osma<\/p>\n<p>Les utilisateurs et visiteurs du site Web ne peuvent mettre en place un hyperlien en direction de ce site, sans l\u2019autorisation expresse et pr\u00e9alable de la soci\u00e9t\u00e9 Laboratoire Osma<\/p>\n<p>&nbsp;<\/p>\n<p>&nbsp;<br \/>\n[\/et_pb_text][\/et_pb_column][\/et_pb_row][\/et_pb_section]<\/p>\n","protected":false},"excerpt":{"rendered":"<p>Mentions l\u00e9gales Le pr\u00e9sent site est la propri\u00e9t\u00e9 de la soci\u00e9t\u00e9 Laboratoire OSMA SARL\u00a0au capital de 68000 euros, inscrite au registre du commerce et des soci\u00e9t\u00e9s de Lyon, sous le num\u00e9ro B 383 005 147, dont le si\u00e8ge social est situ\u00e9 : 110 Voie Romaine, 69290 Craponne \u2013 T\u00e9l. :04 78 57 97 18 L\u2019utilisateur [&hellip;]<\/p>\n","protected":false},"author":1,"featured_media":0,"parent":0,"menu_order":0,"comment_status":"closed","ping_status":"closed","template":"","meta":{"_et_pb_use_builder":"on","_et_pb_old_content":"","_et_gb_content_width":"","footnotes":""},"class_list":["post-464","page","type-page","status-publish","hentry"],"_links":{"self":[{"href":"https:\/\/www.alunotherapy.com\/es\/wp-json\/wp\/v2\/pages\/464","targetHints":{"allow":["GET"]}}],"collection":[{"href":"https:\/\/www.alunotherapy.com\/es\/wp-json\/wp\/v2\/pages"}],"about":[{"href":"https:\/\/www.alunotherapy.com\/es\/wp-json\/wp\/v2\/types\/page"}],"author":[{"embeddable":true,"href":"https:\/\/www.alunotherapy.com\/es\/wp-json\/wp\/v2\/users\/1"}],"replies":[{"embeddable":true,"href":"https:\/\/www.alunotherapy.com\/es\/wp-json\/wp\/v2\/comments?post=464"}],"version-history":[{"count":2,"href":"https:\/\/www.alunotherapy.com\/es\/wp-json\/wp\/v2\/pages\/464\/revisions"}],"predecessor-version":[{"id":718,"href":"https:\/\/www.alunotherapy.com\/es\/wp-json\/wp\/v2\/pages\/464\/revisions\/718"}],"wp:attachment":[{"href":"https:\/\/www.alunotherapy.com\/es\/wp-json\/wp\/v2\/media?parent=464"}],"curies":[{"name":"wp","href":"https:\/\/api.w.org\/{rel}","templated":true}]}}