{"id":460,"date":"2016-09-07T15:47:17","date_gmt":"2016-09-07T14:47:17","guid":{"rendered":"http:\/\/www.alunotherapy.com\/es\/?page_id=460"},"modified":"2016-09-07T15:47:17","modified_gmt":"2016-09-07T14:47:17","slug":"roll-on-aloe-vera","status":"publish","type":"page","link":"https:\/\/www.alunotherapy.com\/es\/desodorante-biologico\/roll-on-aloe-vera\/","title":{"rendered":"Roll-on Aloe Vera"},"content":{"rendered":"<p>[et_pb_section admin_label=\u00bbsection\u00bb][et_pb_row admin_label=\u00bbrow\u00bb][et_pb_column type=\u00bb4_4&#8243;][et_pb_text admin_label=\u00bbTexte\u00bb background_layout=\u00bblight\u00bb text_orientation=\u00bbleft\u00bb use_border_color=\u00bboff\u00bb border_color=\u00bb#ffffff\u00bb border_style=\u00bbsolid\u00bb]<\/p>\n<h1>Roll-on d\u00e9odorant BIO<\/h1>\n<h1>Aloe Vera et Pierre d&#8217;alun<\/h1>\n<p>[\/et_pb_text][\/et_pb_column][\/et_pb_row][et_pb_row admin_label=\u00bbLigne\u00bb][et_pb_column type=\u00bb1_4&#8243;][et_pb_sidebar admin_label=\u00bbBarre lat\u00e9rale\u00bb orientation=\u00bbleft\u00bb area=\u00bbet_pb_widget_area_1&#8243; background_layout=\u00bblight\u00bb remove_border=\u00bboff\u00bb module_class=\u00bbmenu-vertical\u00bb] [\/et_pb_sidebar][\/et_pb_column][et_pb_column type=\u00bb3_4&#8243;][et_pb_text admin_label=\u00bbTexte\u00bb background_layout=\u00bblight\u00bb text_orientation=\u00bbleft\u00bb use_border_color=\u00bboff\u00bb border_color=\u00bb#ffffff\u00bb border_style=\u00bbsolid\u00bb]<\/p>\n<p>Fort d\u2019une ma\u00eetrise de <strong>la pierre d\u2019alun<\/strong>, nos laboratoires ont d\u00e9velopp\u00e9 cette gamme de <strong>d\u00e9odorant BIO<\/strong> dans le but; de vous assurer une hygi\u00e8ne parfaite au quotidien.<img loading=\"lazy\" decoding=\"async\" class=\"alignright wp-image-240 size-medium\" src=\"http:\/\/www.alunotherapy.com\/wp-content\/uploads\/2016\/04\/OSMA_ALUNOTHERAPY-Deodorant-AloeVera-BD-300x300.jpg\" alt=\"D\u00e9odorant Bio Aloe vera\" width=\"300\" height=\"300\" \/><\/p>\n<p>C\u2019est sous un format simple d\u2019utilisation que les Laboratoires Osma mettent \u00e0 profit les propri\u00e9t\u00e9s astringentes et anti bact\u00e9riennes de la Pierre d\u2019alun.<\/p>\n<p>Excellent r\u00e9gulateur de transpiration naturel, le cristal d\u2019alun \u00e9limine l\u2019apparition des mauvaises odeurs.<\/p>\n<p>Ce d\u00e9odorant est <strong>enrichi \u00e0 l\u2019Aloe V\u00e9ra<\/strong> connu pour ses vertus r\u00e9g\u00e9n\u00e9rantes et hydratantes.<\/p>\n<p><strong>Garanti sans paraben, sans alcool, sans chlorhydrate d\u2019aluminium.<br \/>\n<\/strong><\/p>\n<p>Nous avons fait le choix de choisir une formulation certifi\u00e9e BIO afin de r\u00e9pondre \u00e0 la demande croissante de produits\u00a0<img loading=\"lazy\" decoding=\"async\" class=\"alignright wp-image-238 size-full\" src=\"http:\/\/www.alunotherapy.com\/wp-content\/uploads\/2016\/04\/logo_BIO_fond_transparentpetitformat.png\" alt=\"cosm\u00e9tique bio\" width=\"100\" height=\"84\" \/>cosm\u00e9tiques\u00a0sains et efficaces.<img loading=\"lazy\" decoding=\"async\" class=\"size-full wp-image-390 alignright\" src=\"http:\/\/www.alunotherapy.com\/wp-content\/uploads\/2016\/04\/Logo-Triman.jpg\" alt=\"Logo Triman\" width=\"40\" height=\"38\" \/><\/p>\n<p>[\/et_pb_text][et_pb_text admin_label=\u00bbTexte\u00bb global_module=\u00bb213&#8243; saved_tabs=\u00bball\u00bb background_layout=\u00bblight\u00bb text_orientation=\u00bbright\u00bb use_border_color=\u00bboff\u00bb border_color=\u00bb#ffffff\u00bb border_style=\u00bbsolid\u00bb] <div class=\"printfriendly pf-button  pf-alignleft\">\n                    <a href=\"https:\/\/www.alunotherapy.com\/es\/desodorante-biologico\/roll-on-aloe-vera\/?pfstyle=wp\" rel=\"nofollow\" onclick=\"\" title=\"Printer Friendly, PDF & Email\">\n                    <img decoding=\"async\" class=\"pf-button-img\" src=\"https:\/\/cdn.printfriendly.com\/buttons\/printfriendly-pdf-button-nobg.png\" alt=\"Print Friendly, PDF & Email\" style=\"width: 112px;height: 24px;\"  \/>\n                    <\/a>\n                <\/div> [\/et_pb_text][et_pb_divider admin_label=\u00bbS\u00e9parateur\u00bb color=\u00bb#ffffff\u00bb show_divider=\u00bboff\u00bb divider_style=\u00bbsolid\u00bb divider_position=\u00bbtop\u00bb hide_on_mobile=\u00bbon\u00bb height=\u00bb20&#8243;] [\/et_pb_divider][et_pb_toggle admin_label=\u00bbBascule\u00bb title=\u00bbIngr\u00e9dients\u00bb open=\u00bboff\u00bb use_border_color=\u00bboff\u00bb border_color=\u00bb#ffffff\u00bb border_style=\u00bbsolid\u00bb]<\/p>\n<p style=\"text-align: justify;\">Aqua ,\u00a0 Aloe Barbandesis *(Aloe Vera Bio), Potassium Alum\u00a0 (Poudre de pierre d\u2019Alun), Glycerin, Cetearyl alcohol and cetearyl wheat straw glycosides, Microcristalline cellulose and cellulose gum , Sodium Benzoate, Xanthan Gum.\u00a0 *Ingr\u00e9dients issus de l\u2019agriculture biologique 99,6% des ingr\u00e9dients sont d\u2019origine naturelle 40% du total des ingr\u00e9dients sont issus de l\u2019Agriculture Biologique. Cosm\u00e9tique Ecologique et Biologique certifi\u00e9 par Ecocert Greenlife selon le r\u00e9f\u00e9rentiel Ecocert disponible sur http:\/\/cosmetiquesecocert.com<\/p>\n<p>[\/et_pb_toggle][\/et_pb_column][\/et_pb_row][\/et_pb_section]<\/p>\n","protected":false},"excerpt":{"rendered":"<p>Roll-on d\u00e9odorant BIO Aloe Vera et Pierre d&#8217;alun Fort d\u2019une ma\u00eetrise de la pierre d\u2019alun, nos laboratoires ont d\u00e9velopp\u00e9 cette gamme de d\u00e9odorant BIO dans le but; de vous assurer une hygi\u00e8ne parfaite au quotidien. C\u2019est sous un format simple d\u2019utilisation que les Laboratoires Osma mettent \u00e0 profit les propri\u00e9t\u00e9s astringentes et anti bact\u00e9riennes de [&hellip;]<\/p>\n","protected":false},"author":1,"featured_media":0,"parent":459,"menu_order":0,"comment_status":"closed","ping_status":"closed","template":"","meta":{"_et_pb_use_builder":"on","_et_pb_old_content":"","_et_gb_content_width":"","footnotes":""},"class_list":["post-460","page","type-page","status-publish","hentry"],"_links":{"self":[{"href":"https:\/\/www.alunotherapy.com\/es\/wp-json\/wp\/v2\/pages\/460","targetHints":{"allow":["GET"]}}],"collection":[{"href":"https:\/\/www.alunotherapy.com\/es\/wp-json\/wp\/v2\/pages"}],"about":[{"href":"https:\/\/www.alunotherapy.com\/es\/wp-json\/wp\/v2\/types\/page"}],"author":[{"embeddable":true,"href":"https:\/\/www.alunotherapy.com\/es\/wp-json\/wp\/v2\/users\/1"}],"replies":[{"embeddable":true,"href":"https:\/\/www.alunotherapy.com\/es\/wp-json\/wp\/v2\/comments?post=460"}],"version-history":[{"count":1,"href":"https:\/\/www.alunotherapy.com\/es\/wp-json\/wp\/v2\/pages\/460\/revisions"}],"predecessor-version":[{"id":468,"href":"https:\/\/www.alunotherapy.com\/es\/wp-json\/wp\/v2\/pages\/460\/revisions\/468"}],"up":[{"embeddable":true,"href":"https:\/\/www.alunotherapy.com\/es\/wp-json\/wp\/v2\/pages\/459"}],"wp:attachment":[{"href":"https:\/\/www.alunotherapy.com\/es\/wp-json\/wp\/v2\/media?parent=460"}],"curies":[{"name":"wp","href":"https:\/\/api.w.org\/{rel}","templated":true}]}}