{"id":459,"date":"2016-09-07T15:47:05","date_gmt":"2016-09-07T14:47:05","guid":{"rendered":"http:\/\/www.alunotherapy.com\/es\/?page_id=459"},"modified":"2016-09-07T15:47:05","modified_gmt":"2016-09-07T14:47:05","slug":"desodorante-biologico","status":"publish","type":"page","link":"https:\/\/www.alunotherapy.com\/es\/desodorante-biologico\/","title":{"rendered":"Desodorante Biol\u00f3gico"},"content":{"rendered":"<p>[et_pb_section admin_label=\u00bbsection\u00bb][et_pb_row admin_label=\u00bbrow\u00bb][et_pb_column type=\u00bb4_4&#8243;][et_pb_text admin_label=\u00bbTexte\u00bb background_layout=\u00bblight\u00bb text_orientation=\u00bbleft\u00bb use_border_color=\u00bboff\u00bb border_color=\u00bb#ffffff\u00bb border_style=\u00bbsolid\u00bb]<\/p>\n<h1>D\u00e9odorant BIO Alunotherapy<\/h1>\n<p>[\/et_pb_text][\/et_pb_column][\/et_pb_row][et_pb_row admin_label=\u00bbLigne\u00bb][et_pb_column type=\u00bb1_4&#8243;][et_pb_sidebar admin_label=\u00bbBarre lat\u00e9rale\u00bb orientation=\u00bbleft\u00bb area=\u00bbet_pb_widget_area_1&#8243; background_layout=\u00bblight\u00bb remove_border=\u00bboff\u00bb module_class=\u00bb menu-vertical\u00bb]<br \/>\n[\/et_pb_sidebar][\/et_pb_column][et_pb_column type=\u00bb3_4&#8243;][et_pb_text admin_label=\u00bbTexte\u00bb background_layout=\u00bblight\u00bb text_orientation=\u00bbleft\u00bb use_border_color=\u00bboff\u00bb border_color=\u00bb#ffffff\u00bb border_style=\u00bbsolid\u00bb]<\/p>\n<h2>Alunotherapy : le soin 100% min\u00e9ral<\/h2>\n<p>Pionnier de la fabrication de d\u00e9odorants \u00a0bio et naturels \u00e0 base de pierres d&#8217;Alun, les Laboratoires Osma vous offrent par l\u2019interm\u00e9diaire d&#8217;Alunotherapy, une gamme de produits efficace \u00e0 utiliser au quotidien.<img loading=\"lazy\" decoding=\"async\" class=\"alignright wp-image-289 size-medium\" src=\"http:\/\/www.alunotherapy.com\/wp-content\/uploads\/2016\/04\/OSMA-ALUNOTHERAPY-Gamme-roll-on-300x219.jpg\" alt=\"OSMA ALUNOTHERAPY- rollon deodorant bio\" width=\"300\" height=\"219\" srcset=\"https:\/\/www.alunotherapy.com\/wp-content\/uploads\/2016\/04\/OSMA-ALUNOTHERAPY-Gamme-roll-on-300x219.jpg 300w, https:\/\/www.alunotherapy.com\/wp-content\/uploads\/2016\/04\/OSMA-ALUNOTHERAPY-Gamme-roll-on.jpg 547w\" sizes=\"(max-width: 300px) 100vw, 300px\" \/><\/p>\n<h3>Une combinaison efficace<\/h3>\n<p style=\"text-align: left;\">Fort de plus de 50 ans d&#8217;exp\u00e9rience dans le domaine de la cosm\u00e9tique, notre laboratoires vous offre des produits issus de la combinaison d&#8217;ingr\u00e9dients min\u00e9raux et v\u00e9g\u00e9taux.<\/p>\n<p style=\"text-align: left;\">Nous vous apportons le meilleur de la nature pour une sensation de confort et d&#8217;efficacit\u00e9.<\/p>\n<p>En plus, de notre ma\u00eetrise de la pierre d&#8217;alun, nous combinons cette derni\u00e8re avec des ingr\u00e9dients v\u00e9g\u00e9taux connus et utilis\u00e9s de longue date (Aloe vera, sauge, hamam\u00e9lis, menthe&#8230;) pour r\u00e9pondre \u00e0 toutes vos attentes.<\/p>\n<h4>Une Offre compl\u00e8te<\/h4>\n<p>En plus de nos d\u00e9odorants issus de la taille de nos pierres d&#8217;alun, nous offrons une gamme de d\u00e9odorant qui r\u00e9pondra aux attentes de chacun<img loading=\"lazy\" decoding=\"async\" class=\" wp-image-296 alignright\" src=\"http:\/\/www.alunotherapy.com\/wp-content\/uploads\/2016\/04\/Deodorant-spray-blanc-BD-93x300.jpg\" alt=\"Deodorant spray blanc BD\" width=\"48\" height=\"155\" srcset=\"https:\/\/www.alunotherapy.com\/wp-content\/uploads\/2016\/04\/Deodorant-spray-blanc-BD-93x300.jpg 93w, https:\/\/www.alunotherapy.com\/wp-content\/uploads\/2016\/04\/Deodorant-spray-blanc-BD.jpg 310w\" sizes=\"(max-width: 48px) 100vw, 48px\" \/><\/p>\n<ul>\n<li>Roll-on d\u00e9odorant Aloe Vera<\/li>\n<li>Roll-on d\u00e9odorant Hamam\u00e9lis<\/li>\n<li>Roll-on d\u00e9odorant Menthe<\/li>\n<li>Spray\u00a0d\u00e9odorant Sauge<\/li>\n<\/ul>\n<h5><\/h5>\n<h4>D\u00e9odorant Bio ?<\/h4>\n<p>Afin de r\u00e9pondre \u00e0 la charte des produits cosm\u00e9tiques Bio, nos d\u00e9odorants doivent r\u00e9pondre \u00e0 plusieurs contraintes<\/p>\n<ul>\n<li>Minimum de 95% d&#8217;ingr\u00e9dients naturels<img loading=\"lazy\" decoding=\"async\" class=\"alignright wp-image-238 size-full\" src=\"http:\/\/www.alunotherapy.com\/wp-content\/uploads\/2016\/04\/logo_BIO_fond_transparentpetitformat.png\" alt=\"cosm\u00e9tique bio\" width=\"100\" height=\"84\" \/><\/li>\n<li>Minimum de 10% d&#8217;ingr\u00e9dient issus de l&#8217;agriculture biologique<\/li>\n<li>Utilisation de packaging recyclables<\/li>\n<\/ul>\n<p>[\/et_pb_text][et_pb_text admin_label=\u00bbTexte\u00bb saved_tabs=\u00bball\u00bb global_module=\u00bb213&#8243; background_layout=\u00bblight\u00bb text_orientation=\u00bbright\u00bb use_border_color=\u00bboff\u00bb border_color=\u00bb#ffffff\u00bb border_style=\u00bbsolid\u00bb] <div class=\"printfriendly pf-button  pf-alignleft\">\n                    <a href=\"https:\/\/www.alunotherapy.com\/es\/desodorante-biologico\/?pfstyle=wp\" rel=\"nofollow\" onclick=\"\" title=\"Printer Friendly, PDF & Email\">\n                    <img decoding=\"async\" class=\"pf-button-img\" src=\"https:\/\/cdn.printfriendly.com\/buttons\/printfriendly-pdf-button-nobg.png\" alt=\"Print Friendly, PDF & Email\" style=\"width: 112px;height: 24px;\"  \/>\n                    <\/a>\n                <\/div> [\/et_pb_text][\/et_pb_column][\/et_pb_row][\/et_pb_section]<\/p>\n","protected":false},"excerpt":{"rendered":"<p>D\u00e9odorant BIO Alunotherapy Alunotherapy : le soin 100% min\u00e9ral Pionnier de la fabrication de d\u00e9odorants \u00a0bio et naturels \u00e0 base de pierres d&#8217;Alun, les Laboratoires Osma vous offrent par l\u2019interm\u00e9diaire d&#8217;Alunotherapy, une gamme de produits efficace \u00e0 utiliser au quotidien. Une combinaison efficace Fort de plus de 50 ans d&#8217;exp\u00e9rience dans le domaine de la [&hellip;]<\/p>\n","protected":false},"author":1,"featured_media":0,"parent":0,"menu_order":0,"comment_status":"closed","ping_status":"closed","template":"","meta":{"_et_pb_use_builder":"on","_et_pb_old_content":"","_et_gb_content_width":"","footnotes":""},"class_list":["post-459","page","type-page","status-publish","hentry"],"_links":{"self":[{"href":"https:\/\/www.alunotherapy.com\/es\/wp-json\/wp\/v2\/pages\/459","targetHints":{"allow":["GET"]}}],"collection":[{"href":"https:\/\/www.alunotherapy.com\/es\/wp-json\/wp\/v2\/pages"}],"about":[{"href":"https:\/\/www.alunotherapy.com\/es\/wp-json\/wp\/v2\/types\/page"}],"author":[{"embeddable":true,"href":"https:\/\/www.alunotherapy.com\/es\/wp-json\/wp\/v2\/users\/1"}],"replies":[{"embeddable":true,"href":"https:\/\/www.alunotherapy.com\/es\/wp-json\/wp\/v2\/comments?post=459"}],"version-history":[{"count":1,"href":"https:\/\/www.alunotherapy.com\/es\/wp-json\/wp\/v2\/pages\/459\/revisions"}],"predecessor-version":[{"id":467,"href":"https:\/\/www.alunotherapy.com\/es\/wp-json\/wp\/v2\/pages\/459\/revisions\/467"}],"wp:attachment":[{"href":"https:\/\/www.alunotherapy.com\/es\/wp-json\/wp\/v2\/media?parent=459"}],"curies":[{"name":"wp","href":"https:\/\/api.w.org\/{rel}","templated":true}]}}