{"id":453,"date":"2016-09-07T15:46:00","date_gmt":"2016-09-07T14:46:00","guid":{"rendered":"http:\/\/www.alunotherapy.com\/es\/?page_id=453"},"modified":"2016-09-07T15:46:00","modified_gmt":"2016-09-07T14:46:00","slug":"crema-para-pies","status":"publish","type":"page","link":"https:\/\/www.alunotherapy.com\/es\/cuidado-de-los-pies\/crema-para-pies\/","title":{"rendered":"Crema para pies"},"content":{"rendered":"<p>[et_pb_section admin_label=\u00bbsection\u00bb][et_pb_row admin_label=\u00bbrow\u00bb][et_pb_column type=\u00bb4_4&#8243;][et_pb_text admin_label=\u00bbTexte\u00bb background_layout=\u00bblight\u00bb text_orientation=\u00bbleft\u00bb use_border_color=\u00bboff\u00bb border_color=\u00bb#ffffff\u00bb border_style=\u00bbsolid\u00bb]<\/p>\n<h1>Cr\u00e8me pieds Alunotherapy<\/h1>\n<h1>Pierre d&#8217;alun et Huiles Essentielles<\/h1>\n<p>[\/et_pb_text][\/et_pb_column][\/et_pb_row][et_pb_row admin_label=\u00bbLigne\u00bb][et_pb_column type=\u00bb1_4&#8243;][et_pb_sidebar admin_label=\u00bbBarre lat\u00e9rale\u00bb orientation=\u00bbleft\u00bb area=\u00bbet_pb_widget_area_4&#8243; background_layout=\u00bblight\u00bb remove_border=\u00bboff\u00bb module_class=\u00bbmenu-vertical\u00bb] [\/et_pb_sidebar][\/et_pb_column][et_pb_column type=\u00bb3_4&#8243;][et_pb_text admin_label=\u00bbTexte\u00bb background_layout=\u00bblight\u00bb text_orientation=\u00bbleft\u00bb use_border_color=\u00bboff\u00bb border_color=\u00bb#ffffff\u00bb border_style=\u00bbsolid\u00bb]<\/p>\n<p style=\"text-align: justify;\"><span style=\"color: #666666;\">Probl\u00e8mes de transpiration, sensation de fatigue&#8230;nous avons concentr\u00e9 des savoir faire ancestraux pour vous donner le meilleur de <strong>la pierre d&#8217;alun et des huiles essentielles.<\/strong><img loading=\"lazy\" decoding=\"async\" class=\"alignright wp-image-321 size-medium\" src=\"http:\/\/www.alunotherapy.com\/wp-content\/uploads\/2016\/04\/Cr\u00e8me-pieds-blanc-BD-75x300.jpg\" alt=\"Cr\u00e8me pieds au cristal d'alun\" width=\"75\" height=\"300\" srcset=\"https:\/\/www.alunotherapy.com\/wp-content\/uploads\/2016\/04\/Cr\u00e8me-pieds-blanc-BD-75x300.jpg 75w, https:\/\/www.alunotherapy.com\/wp-content\/uploads\/2016\/04\/Cr\u00e8me-pieds-blanc-BD.jpg 250w\" sizes=\"(max-width: 75px) 100vw, 75px\" \/><br \/>\n<\/span><\/p>\n<p style=\"text-align: justify;\">Un produit ,\u00a03 actions :<\/p>\n<ul>\n<li style=\"text-align: justify;\">R\u00e9gulatrice de transpiration<\/li>\n<li style=\"text-align: justify;\">Nourrit vos pieds<\/li>\n<li style=\"text-align: justify;\">Lutte contre la fatigue<\/li>\n<\/ul>\n<p>V\u00e9ritable concentr\u00e9 d\u2019actifs, cette <strong>cr\u00e8me pieds \u00e0 la pierre\u00a0<\/strong><strong>d&#8217;alun<\/strong> conviendra \u00e0 tous.<\/p>\n<p>En traitement des probl\u00e8mes de sudation gr\u00e2ce \u00e0 la pierre d\u2019alun et \u00e0 l\u2019huile essentielle de sauge, notre cr\u00e8me pieds pr\u00e9viendra l\u2019apparition des odeurs et r\u00e9gulera votre transpiration.<\/p>\n<p>Utilis\u00e9 lors d\u2019un massage, ce sont les huiles essentielles et extraits de plantes qui vous feront profiter de leurs vertus anti-inflammatoires, d\u00e9congestionnantes, anti-rhumatisme, d\u2019aide \u00e0 la circulation sanguine pour lutter contre la fatigue et les agressions quotidiennes tout en hydratant vos pieds gr\u00e2ce \u00e0 l\u2019huile d\u2019olive.<\/p>\n<p>Une p\u00e9n\u00e9tration rapide pour un confort d\u2019utilisation \u00e0 n\u2019importe quel moment de la journ\u00e9e.<img loading=\"lazy\" decoding=\"async\" class=\"size-full wp-image-238 alignright\" src=\"http:\/\/www.alunotherapy.com\/wp-content\/uploads\/2016\/04\/logo_BIO_fond_transparentpetitformat.png\" alt=\"cosm\u00e9tique bio\" width=\"100\" height=\"84\" \/><\/p>\n<p><strong>+ de 80% d\u2019ingr\u00e9dients BIO<img loading=\"lazy\" decoding=\"async\" class=\"size-full wp-image-390 alignright\" src=\"http:\/\/www.alunotherapy.com\/wp-content\/uploads\/2016\/04\/Logo-Triman.jpg\" alt=\"Logo Triman\" width=\"40\" height=\"38\" \/><\/strong><\/p>\n<p>[\/et_pb_text][et_pb_divider admin_label=\u00bbS\u00e9parateur\u00bb color=\u00bb#ffffff\u00bb show_divider=\u00bboff\u00bb height=\u00bb10&#8243; divider_style=\u00bbsolid\u00bb divider_position=\u00bbtop\u00bb hide_on_mobile=\u00bbon\u00bb] [\/et_pb_divider][et_pb_toggle admin_label=\u00bbBascule\u00bb title=\u00bbCaract\u00e9ristiques\u00bb open=\u00bboff\u00bb use_border_color=\u00bboff\u00bb border_color=\u00bb#ffffff\u00bb border_style=\u00bbsolid\u00bb]<\/p>\n<p>Utilis\u00e9 lors d\u2019un massage, ce sont les huiles essentielles et extraits de plantes qui vous feront profiter de leurs vertus anti-inflammatoires, d\u00e9congestionnantes, anti-rhumatisme, d\u2019aide \u00e0 la circulation sanguine pour lutter contre la fatigue et les agressions quotidiennes tout en hydratant vos pieds gr\u00e2ce \u00e0 l\u2019huile d\u2019olive.<br \/>\nUne p\u00e9n\u00e9tration rapide pour un confort d\u2019utilisation \u00e0 n\u2019importe quel moment de la journ\u00e9e.<\/p>\n<p>[\/et_pb_toggle][et_pb_toggle admin_label=\u00bbBascule\u00bb title=\u00bbIngr\u00e9dients\u00bb open=\u00bboff\u00bb use_border_color=\u00bboff\u00bb border_color=\u00bb#ffffff\u00bb border_style=\u00bbsolid\u00bb]<\/p>\n<p style=\"text-align: justify;\">Floral water of rosmarina officinalis*, natural extractof Filipendula ullmaria (and) rosmarinus officinalis* (and) alum powder (poudre de pierre d&#8217;alun), ol\u00e9a europea oleum*, glycerin*, essentials oils of menthe piperita*, cupressus sempervireus *, juniperus communis*, lavandula*, rosmarinus officinalis*, salvia sclarea*, melaleuca alternifolia*, sodium benzoate, potassium sorbate, dehydroxanthan gum, limonene, geraniol, linalool, eugenol, citronellol, coumarin, farnesol, citral, benzyl alcohol, D\u2019limonene.<\/p>\n<p style=\"text-align: justify;\">*Ingr\u00e9dients issus de l\u2019agriculture biologique. 99% des ingr\u00e9dients sont d\u2019origine naturelle. Dont 84,2% sont issus de l\u2019Agriculture Biologique. Proc\u00e9d\u00e9 de fabrication contr\u00f4l\u00e9.\u2028Caract\u00e9ristiques certifi\u00e9es par Bureau Veritas Certification. Le Guillaumet \u2013 92046 Paris La D\u00e9fense \u2013 selon le r\u00e9f\u00e9rentiel I-305 \u00ab produits cosm\u00e9tiques biologiques et pro<\/p>\n<p>[\/et_pb_toggle][et_pb_text admin_label=\u00bbTexte\u00bb global_module=\u00bb213&#8243; saved_tabs=\u00bball\u00bb background_layout=\u00bblight\u00bb text_orientation=\u00bbright\u00bb use_border_color=\u00bboff\u00bb border_color=\u00bb#ffffff\u00bb border_style=\u00bbsolid\u00bb] <div class=\"printfriendly pf-button  pf-alignleft\">\n                    <a href=\"https:\/\/www.alunotherapy.com\/es\/cuidado-de-los-pies\/crema-para-pies\/?pfstyle=wp\" rel=\"nofollow\" onclick=\"\" title=\"Printer Friendly, PDF & Email\">\n                    <img decoding=\"async\" class=\"pf-button-img\" src=\"https:\/\/cdn.printfriendly.com\/buttons\/printfriendly-pdf-button-nobg.png\" alt=\"Print Friendly, PDF & Email\" style=\"width: 112px;height: 24px;\"  \/>\n                    <\/a>\n                <\/div> [\/et_pb_text][\/et_pb_column][\/et_pb_row][\/et_pb_section]<\/p>\n","protected":false},"excerpt":{"rendered":"<p>Cr\u00e8me pieds Alunotherapy Pierre d&#8217;alun et Huiles Essentielles Probl\u00e8mes de transpiration, sensation de fatigue&#8230;nous avons concentr\u00e9 des savoir faire ancestraux pour vous donner le meilleur de la pierre d&#8217;alun et des huiles essentielles. Un produit ,\u00a03 actions : R\u00e9gulatrice de transpiration Nourrit vos pieds Lutte contre la fatigue V\u00e9ritable concentr\u00e9 d\u2019actifs, cette cr\u00e8me pieds \u00e0 [&hellip;]<\/p>\n","protected":false},"author":1,"featured_media":0,"parent":465,"menu_order":0,"comment_status":"closed","ping_status":"closed","template":"","meta":{"_et_pb_use_builder":"on","_et_pb_old_content":"<p>[et_pb_section admin_label=\"section\"][et_pb_row admin_label=\"row\"][et_pb_column type=\"4_4\"][et_pb_text admin_label=\"Texte\" background_layout=\"light\" text_orientation=\"left\" use_border_color=\"off\" border_color=\"#ffffff\" border_style=\"solid\"]<\/p><h1>Cr\u00e8me pieds Alunotherapy<\/h1><h1>Pierre d'alun et Huiles Essentielles<\/h1><p>[\/et_pb_text][\/et_pb_column][\/et_pb_row][et_pb_row admin_label=\"Ligne\"][et_pb_column type=\"1_4\"][et_pb_sidebar admin_label=\"Barre lat\u00e9rale\" orientation=\"left\" area=\"et_pb_widget_area_4\" background_layout=\"light\" remove_border=\"off\" module_class=\"menu-vertical\"] [\/et_pb_sidebar][\/et_pb_column][et_pb_column type=\"3_4\"][et_pb_text admin_label=\"Texte\" background_layout=\"light\" text_orientation=\"left\" use_border_color=\"off\" border_color=\"#ffffff\" border_style=\"solid\"]<\/p><p style=\"text-align: justify;\"><span style=\"color: #666666;\">Probl\u00e8mes de transpiration, sensation de fatigue...nous avons concentr\u00e9 des savoir faire ancestraux pour vous donner le meilleur de <strong>la pierre d'alun et des huiles essentielles.<\/strong><img class=\"alignright wp-image-321 size-medium\" src=\"http:\/\/www.alunotherapy.com\/wp-content\/uploads\/2016\/04\/Cr\u00e8me-pieds-blanc-BD-75x300.jpg\" alt=\"Cr\u00e8me pieds au cristal d'alun\" width=\"75\" height=\"300\" \/><br \/> <\/span><\/p><p style=\"text-align: justify;\">Un produit ,\u00a03 actions :<\/p><ul><li style=\"text-align: justify;\">R\u00e9gulatrice de transpiration<\/li><li style=\"text-align: justify;\">Nourrit vos pieds<\/li><li style=\"text-align: justify;\">Lutte contre la fatigue<\/li><\/ul><p>V\u00e9ritable concentr\u00e9 d\u2019actifs, cette <strong>cr\u00e8me pieds \u00e0 la pierre\u00a0<\/strong><strong>d'alun<\/strong> conviendra \u00e0 tous.<\/p><p>En traitement des probl\u00e8mes de sudation gr\u00e2ce \u00e0 la pierre d\u2019alun et \u00e0 l\u2019huile essentielle de sauge, notre cr\u00e8me pieds pr\u00e9viendra l\u2019apparition des odeurs et r\u00e9gulera votre transpiration.<\/p><p>Utilis\u00e9 lors d\u2019un massage, ce sont les huiles essentielles et extraits de plantes qui vous feront profiter de leurs vertus anti-inflammatoires, d\u00e9congestionnantes, anti-rhumatisme, d\u2019aide \u00e0 la circulation sanguine pour lutter contre la fatigue et les agressions quotidiennes tout en hydratant vos pieds gr\u00e2ce \u00e0 l\u2019huile d\u2019olive.<\/p><p>Une p\u00e9n\u00e9tration rapide pour un confort d\u2019utilisation \u00e0 n\u2019importe quel moment de la journ\u00e9e.<img class=\"size-full wp-image-238 alignright\" src=\"http:\/\/www.alunotherapy.com\/wp-content\/uploads\/2016\/04\/logo_BIO_fond_transparentpetitformat.png\" alt=\"cosm\u00e9tique bio\" width=\"100\" height=\"84\" \/><\/p><p><strong>+ de 80% d\u2019ingr\u00e9dients BIO<img class=\"size-full wp-image-390 alignright\" src=\"http:\/\/www.alunotherapy.com\/wp-content\/uploads\/2016\/04\/Logo-Triman.jpg\" alt=\"Logo Triman\" width=\"40\" height=\"38\" \/><\/strong><\/p><p>[\/et_pb_text][et_pb_divider admin_label=\"S\u00e9parateur\" color=\"#ffffff\" show_divider=\"off\" height=\"10\" divider_style=\"solid\" divider_position=\"top\" hide_on_mobile=\"on\"] [\/et_pb_divider][et_pb_toggle admin_label=\"Bascule\" title=\"Caract\u00e9ristiques\" open=\"off\" use_border_color=\"off\" border_color=\"#ffffff\" border_style=\"solid\"]<\/p><p>Utilis\u00e9 lors d\u2019un massage, ce sont les huiles essentielles et extraits de plantes qui vous feront profiter de leurs vertus anti-inflammatoires, d\u00e9congestionnantes, anti-rhumatisme, d\u2019aide \u00e0 la circulation sanguine pour lutter contre la fatigue et les agressions quotidiennes tout en hydratant vos pieds gr\u00e2ce \u00e0 l\u2019huile d\u2019olive.<br \/> Une p\u00e9n\u00e9tration rapide pour un confort d\u2019utilisation \u00e0 n\u2019importe quel moment de la journ\u00e9e.<\/p><p>[\/et_pb_toggle][et_pb_toggle admin_label=\"Bascule\" title=\"Ingr\u00e9dients\" open=\"off\" use_border_color=\"off\" border_color=\"#ffffff\" border_style=\"solid\"]<\/p><p style=\"text-align: justify;\">Floral water of rosmarina officinalis*, natural extractof Filipendula ullmaria (and) rosmarinus officinalis* (and) alum powder (poudre de pierre d'alun), ol\u00e9a europea oleum*, glycerin*, essentials oils of menthe piperita*, cupressus sempervireus *, juniperus communis*, lavandula*, rosmarinus officinalis*, salvia sclarea*, melaleuca alternifolia*, sodium benzoate, potassium sorbate, dehydroxanthan gum, limonene, geraniol, linalool, eugenol, citronellol, coumarin, farnesol, citral, benzyl alcohol, D\u2019limonene.<\/p><p style=\"text-align: justify;\">*Ingr\u00e9dients issus de l\u2019agriculture biologique. 99% des ingr\u00e9dients sont d\u2019origine naturelle. Dont 84,2% sont issus de l\u2019Agriculture Biologique. Proc\u00e9d\u00e9 de fabrication contr\u00f4l\u00e9.\u2028Caract\u00e9ristiques certifi\u00e9es par Bureau Veritas Certification. Le Guillaumet \u2013 92046 Paris La D\u00e9fense \u2013 selon le r\u00e9f\u00e9rentiel I-305 \u00ab produits cosm\u00e9tiques biologiques et pro<\/p><p>[\/et_pb_toggle][et_pb_text admin_label=\"Texte\" global_module=\"213\" saved_tabs=\"all\" background_layout=\"light\" text_orientation=\"right\" use_border_color=\"off\" border_color=\"#ffffff\" border_style=\"solid\"] [printfriendly] [\/et_pb_text][\/et_pb_column][\/et_pb_row][\/et_pb_section]<\/p>","_et_gb_content_width":"","footnotes":""},"class_list":["post-453","page","type-page","status-publish","hentry"],"_links":{"self":[{"href":"https:\/\/www.alunotherapy.com\/es\/wp-json\/wp\/v2\/pages\/453","targetHints":{"allow":["GET"]}}],"collection":[{"href":"https:\/\/www.alunotherapy.com\/es\/wp-json\/wp\/v2\/pages"}],"about":[{"href":"https:\/\/www.alunotherapy.com\/es\/wp-json\/wp\/v2\/types\/page"}],"author":[{"embeddable":true,"href":"https:\/\/www.alunotherapy.com\/es\/wp-json\/wp\/v2\/users\/1"}],"replies":[{"embeddable":true,"href":"https:\/\/www.alunotherapy.com\/es\/wp-json\/wp\/v2\/comments?post=453"}],"version-history":[{"count":1,"href":"https:\/\/www.alunotherapy.com\/es\/wp-json\/wp\/v2\/pages\/453\/revisions"}],"predecessor-version":[{"id":458,"href":"https:\/\/www.alunotherapy.com\/es\/wp-json\/wp\/v2\/pages\/453\/revisions\/458"}],"up":[{"embeddable":true,"href":"https:\/\/www.alunotherapy.com\/es\/wp-json\/wp\/v2\/pages\/465"}],"wp:attachment":[{"href":"https:\/\/www.alunotherapy.com\/es\/wp-json\/wp\/v2\/media?parent=453"}],"curies":[{"name":"wp","href":"https:\/\/api.w.org\/{rel}","templated":true}]}}