{"id":444,"date":"2016-09-07T15:43:37","date_gmt":"2016-09-07T14:43:37","guid":{"rendered":"http:\/\/www.alunotherapy.com\/es\/?page_id=444"},"modified":"2016-09-08T13:56:05","modified_gmt":"2016-09-08T12:56:05","slug":"stick-piedra-de-alumbre-60g","status":"publish","type":"page","link":"https:\/\/www.alunotherapy.com\/es\/piedra-de-alumbre\/stick-piedra-de-alumbre-60g\/","title":{"rendered":"Stick  piedra de alumbre 60g"},"content":{"rendered":"<p>[et_pb_section admin_label=\u00bbsection\u00bb][et_pb_row admin_label=\u00bbrow\u00bb][et_pb_column type=\u00bb4_4&#8243;][et_pb_text admin_label=\u00bbTexte\u00bb background_layout=\u00bblight\u00bb text_orientation=\u00bbleft\u00bb use_border_color=\u00bboff\u00bb border_color=\u00bb#ffffff\u00bb border_style=\u00bbsolid\u00bb]<\/p>\n<h1>D\u00e9odorant Stick \u00a060g<\/h1>\n<h1>Pierre d&#8217;alun Made in France<\/h1>\n<p>[\/et_pb_text][\/et_pb_column][\/et_pb_row][et_pb_row admin_label=\u00bbLigne\u00bb][et_pb_column type=\u00bb1_4&#8243;][et_pb_sidebar admin_label=\u00bbBarre lat\u00e9rale\u00bb orientation=\u00bbleft\u00bb area=\u00bbet_pb_widget_area_2&#8243; background_layout=\u00bblight\u00bb remove_border=\u00bboff\u00bb module_class=\u00bbmenu-vertical\u00bb] [\/et_pb_sidebar][\/et_pb_column][et_pb_column type=\u00bb3_4&#8243;][et_pb_text admin_label=\u00bbTexte\u00bb background_layout=\u00bblight\u00bb text_orientation=\u00bbleft\u00bb use_border_color=\u00bboff\u00bb border_color=\u00bb#ffffff\u00bb border_style=\u00bbsolid\u00bb]<\/p>\n<p>Dot\u00e9 d\u2019un \u00e9tui plastique transparent,<strong> notre pierre d\u2019alun<\/strong> en stick 60g se d\u00e9marque par la qualit\u00e9 de son emballage et sa petite taille qui en fait un compagnon id\u00e9al dans tous vos d\u00e9placements.<img loading=\"lazy\" decoding=\"async\" class=\"alignright wp-image-262 size-medium\" src=\"http:\/\/www.alunotherapy.com\/wp-content\/uploads\/2016\/04\/Deodorant_stick_petit_mode\u0300le_blanc_cadreplein-145x300.jpg\" alt=\"deodorant alun stick 60g\" width=\"145\" height=\"300\" srcset=\"https:\/\/www.alunotherapy.com\/wp-content\/uploads\/2016\/04\/Deodorant_stick_petit_mode\u0300le_blanc_cadreplein-145x300.jpg 145w, https:\/\/www.alunotherapy.com\/wp-content\/uploads\/2016\/04\/Deodorant_stick_petit_mode\u0300le_blanc_cadreplein.jpg 290w\" sizes=\"(max-width: 145px) 100vw, 145px\" \/><\/p>\n<p>Issu de notre laboratoire, nos pierres d\u2019alun sont fa\u00e7onn\u00e9es \u00e0 la main en France.<\/p>\n<p>Pratique \u00e0 utiliser, avec sons syst\u00e8me coulissant, il est efficace pour lutter contre la sudation.<\/p>\n<p>L\u2019emballage d\u00e9velopp\u00e9 par les Laboratoires Osma, maintient la Pierre dans son \u00e9tui, tout en \u00e9vacuant l\u2019eau pour \u00e9viter une usure pr\u00e9matur\u00e9e; en permettant une mise en valeur de notre stick.<\/p>\n<p>R\u00e9gulateur naturel de transpiration, le cristal\u00a0d\u2019alun gr\u00e2ce \u00e0 son action astringente r\u00e9duit votre sudation, sans modifier le processus naturel de votre organisme.<\/p>\n<p>Ses propri\u00e9t\u00e9s anti bact\u00e9riennes limiteront l\u2019apparition des bact\u00e9ries responsables des mauvaises odeurs.<\/p>\n<p><strong>Protection 100% naturelle.<img loading=\"lazy\" decoding=\"async\" class=\"size-full wp-image-390 alignright\" src=\"http:\/\/www.alunotherapy.com\/wp-content\/uploads\/2016\/04\/Logo-Triman.jpg\" alt=\"Logo Triman\" width=\"40\" height=\"38\" \/><\/strong><\/p>\n<p>[\/et_pb_text][et_pb_divider admin_label=\u00bbS\u00e9parateur\u00bb color=\u00bb#ffffff\u00bb show_divider=\u00bboff\u00bb height=\u00bb200&#8243; divider_style=\u00bbsolid\u00bb divider_position=\u00bbtop\u00bb hide_on_mobile=\u00bbon\u00bb] [\/et_pb_divider][et_pb_toggle admin_label=\u00bbBascule\u00bb title=\u00bbCaract\u00e9ristiques\u00bb open=\u00bboff\u00bb use_border_color=\u00bboff\u00bb border_color=\u00bb#ffffff\u00bb border_style=\u00bbsolid\u00bb]<\/p>\n<p style=\"text-align: justify;\">Pierre d&#8217;alun de 60g, ce d\u00e9odorant naturel se trouvera sa place dans votre salle de bains ou dans votre trousse de toilettes.<\/p>\n<p>Mouiller la pierre d&#8217;alun et appliquer sur les parties du corps \u00e0 traiter (aisselles, pieds, mains&#8230;).<\/p>\n<p>Une fois humidifi\u00e9e, la pierre d&#8217;alun d\u00e9posera un film de sels min\u00e9raux qui r\u00e9gulera votre transpiration, sans la bloquer.<\/p>\n<p>L&#8217;utilisation quotidienne d&#8217;une pierre d&#8217;alun 60g en un an, \u00e9quivaut \u00e0 12 pulv\u00e9risateurs classiques.<\/p>\n<p>[\/et_pb_toggle][et_pb_toggle admin_label=\u00bbBascule\u00bb title=\u00bbIngr\u00e9dients\u00bb open=\u00bboff\u00bb use_border_color=\u00bboff\u00bb border_color=\u00bb#ffffff\u00bb border_style=\u00bbsolid\u00bb]<\/p>\n<p style=\"text-align: justify;\">POTASSIUM ALUM<br \/>\nSans alcool \u2013 Sans chlorhydrate d\u2019aluminium \u2013 Sans odeur \u2013<br \/>\nLa pierre d\u2019alun est un d\u00e9odorant 100% naturel.<br \/>\nNos pierres d\u2019alun sont fa\u00e7onn\u00e9es en France et ne font l\u2019objet d\u2019aucun ajout de produits chimiques.<br \/>\nC\u2019est ainsi que notre poudre d\u2019alun est reconnue par Ecocert comme ingr\u00e9dient naturel.<\/p>\n<p>[\/et_pb_toggle][et_pb_text admin_label=\u00bbTexte\u00bb global_module=\u00bb213&#8243; saved_tabs=\u00bball\u00bb background_layout=\u00bblight\u00bb text_orientation=\u00bbright\u00bb use_border_color=\u00bboff\u00bb border_color=\u00bb#ffffff\u00bb border_style=\u00bbsolid\u00bb] <div class=\"printfriendly pf-button  pf-alignleft\">\n                    <a href=\"https:\/\/www.alunotherapy.com\/es\/piedra-de-alumbre\/stick-piedra-de-alumbre-60g\/?pfstyle=wp\" rel=\"nofollow\" onclick=\"\" title=\"Printer Friendly, PDF & Email\">\n                    <img decoding=\"async\" class=\"pf-button-img\" src=\"https:\/\/cdn.printfriendly.com\/buttons\/printfriendly-pdf-button-nobg.png\" alt=\"Print Friendly, PDF & Email\" style=\"width: 112px;height: 24px;\"  \/>\n                    <\/a>\n                <\/div> [\/et_pb_text][\/et_pb_column][\/et_pb_row][\/et_pb_section]<\/p>\n","protected":false},"excerpt":{"rendered":"<p>D\u00e9odorant Stick \u00a060g Pierre d&#8217;alun Made in France Dot\u00e9 d\u2019un \u00e9tui plastique transparent, notre pierre d\u2019alun en stick 60g se d\u00e9marque par la qualit\u00e9 de son emballage et sa petite taille qui en fait un compagnon id\u00e9al dans tous vos d\u00e9placements. Issu de notre laboratoire, nos pierres d\u2019alun sont fa\u00e7onn\u00e9es \u00e0 la main en France. [&hellip;]<\/p>\n","protected":false},"author":1,"featured_media":0,"parent":442,"menu_order":0,"comment_status":"closed","ping_status":"closed","template":"","meta":{"_et_pb_use_builder":"on","_et_pb_old_content":"","_et_gb_content_width":"","footnotes":""},"class_list":["post-444","page","type-page","status-publish","hentry"],"_links":{"self":[{"href":"https:\/\/www.alunotherapy.com\/es\/wp-json\/wp\/v2\/pages\/444","targetHints":{"allow":["GET"]}}],"collection":[{"href":"https:\/\/www.alunotherapy.com\/es\/wp-json\/wp\/v2\/pages"}],"about":[{"href":"https:\/\/www.alunotherapy.com\/es\/wp-json\/wp\/v2\/types\/page"}],"author":[{"embeddable":true,"href":"https:\/\/www.alunotherapy.com\/es\/wp-json\/wp\/v2\/users\/1"}],"replies":[{"embeddable":true,"href":"https:\/\/www.alunotherapy.com\/es\/wp-json\/wp\/v2\/comments?post=444"}],"version-history":[{"count":2,"href":"https:\/\/www.alunotherapy.com\/es\/wp-json\/wp\/v2\/pages\/444\/revisions"}],"predecessor-version":[{"id":545,"href":"https:\/\/www.alunotherapy.com\/es\/wp-json\/wp\/v2\/pages\/444\/revisions\/545"}],"up":[{"embeddable":true,"href":"https:\/\/www.alunotherapy.com\/es\/wp-json\/wp\/v2\/pages\/442"}],"wp:attachment":[{"href":"https:\/\/www.alunotherapy.com\/es\/wp-json\/wp\/v2\/media?parent=444"}],"curies":[{"name":"wp","href":"https:\/\/api.w.org\/{rel}","templated":true}]}}