{"id":443,"date":"2016-09-07T15:43:59","date_gmt":"2016-09-07T14:43:59","guid":{"rendered":"http:\/\/www.alunotherapy.com\/es\/?page_id=443"},"modified":"2016-09-07T15:43:59","modified_gmt":"2016-09-07T14:43:59","slug":"stick-piedra-de-alumbre-viaje","status":"publish","type":"page","link":"https:\/\/www.alunotherapy.com\/es\/piedra-de-alumbre\/stick-piedra-de-alumbre-viaje\/","title":{"rendered":"Stick piedra de alumbre \u00abviaje\u00bb"},"content":{"rendered":"<p>[et_pb_section admin_label=\u00bbsection\u00bb][et_pb_row admin_label=\u00bbrow\u00bb][et_pb_column type=\u00bb4_4&#8243;][et_pb_text admin_label=\u00bbTexte\u00bb background_layout=\u00bblight\u00bb text_orientation=\u00bbleft\u00bb use_border_color=\u00bboff\u00bb border_color=\u00bb#ffffff\u00bb border_style=\u00bbsolid\u00bb]<\/p>\n<h1>Stick d\u00e9odorant\u00a0\u00abVoyage\u00bb<\/h1>\n<h1>Pierre d&#8217;alun made in France<\/h1>\n<p>[\/et_pb_text][\/et_pb_column][\/et_pb_row][et_pb_row admin_label=\u00bbLigne\u00bb][et_pb_column type=\u00bb1_4&#8243;][et_pb_sidebar admin_label=\u00bbBarre lat\u00e9rale\u00bb orientation=\u00bbleft\u00bb area=\u00bbet_pb_widget_area_2&#8243; background_layout=\u00bblight\u00bb remove_border=\u00bboff\u00bb module_class=\u00bbmenu-vertical\u00bb] [\/et_pb_sidebar][\/et_pb_column][et_pb_column type=\u00bb3_4&#8243;][et_pb_text admin_label=\u00bbTexte\u00bb background_layout=\u00bblight\u00bb text_orientation=\u00bbleft\u00bb use_border_color=\u00bboff\u00bb border_color=\u00bb#ffffff\u00bb border_style=\u00bbsolid\u00bb]<\/p>\n<p style=\"text-align: justify;\">Originale dans son \u00e9tui plastique, ce<strong>\u00a0stick\u00a0d\u2019alun<\/strong> permet une prise en main rapide et facile de la pierre pour une application pratique et rapide.\u2028<img loading=\"lazy\" decoding=\"async\" class=\"size-medium wp-image-267 alignright\" src=\"http:\/\/www.alunotherapy.com\/wp-content\/uploads\/2016\/04\/OSMA_ALUNOTHERAPY-STBCRM-BD-300x300.jpg\" alt=\"OSMA_ALUNOTHERAPY-STBCRM-BD\" width=\"300\" height=\"300\" srcset=\"https:\/\/www.alunotherapy.com\/wp-content\/uploads\/2016\/04\/OSMA_ALUNOTHERAPY-STBCRM-BD-300x300.jpg 300w, https:\/\/www.alunotherapy.com\/wp-content\/uploads\/2016\/04\/OSMA_ALUNOTHERAPY-STBCRM-BD-150x150.jpg 150w, https:\/\/www.alunotherapy.com\/wp-content\/uploads\/2016\/04\/OSMA_ALUNOTHERAPY-STBCRM-BD.jpg 600w\" sizes=\"(max-width: 300px) 100vw, 300px\" \/><\/p>\n<p>La forme \u00abcloche\u00bb de cette pierre d&#8217;alun, permet une application facile et confortable.<\/p>\n<p>Issue de notre savoir faire sur la pierre d&#8217;alun brute, ce stick\u00a0d&#8217;alun est \u00a0taill\u00e9 et polie \u00e0 la main dans nos ateliers fran\u00e7ais.<\/p>\n<p>La petite taille de notre stick d&#8217;alun en fait le produit id\u00e9al pour vos d\u00e9placements.<\/p>\n<p>Sans alcool &#8211; Sans chlorhydrate d&#8217;aluminium &#8211; Sans odeur &#8211; 100% naturelle<img loading=\"lazy\" decoding=\"async\" class=\"size-full wp-image-390 alignright\" src=\"http:\/\/www.alunotherapy.com\/wp-content\/uploads\/2016\/04\/Logo-Triman.jpg\" alt=\"Logo Triman\" width=\"40\" height=\"38\" \/><\/p>\n<p>[\/et_pb_text][et_pb_divider admin_label=\u00bbS\u00e9parateur\u00bb color=\u00bb#ffffff\u00bb show_divider=\u00bboff\u00bb height=\u00bb100&#8243; divider_style=\u00bbsolid\u00bb divider_position=\u00bbtop\u00bb hide_on_mobile=\u00bbon\u00bb] [\/et_pb_divider][et_pb_toggle admin_label=\u00bbBascule\u00bb title=\u00bbCaract\u00e9ristiques\u00bb open=\u00bboff\u00bb use_border_color=\u00bboff\u00bb border_color=\u00bb#ffffff\u00bb border_style=\u00bbsolid\u00bb]<\/p>\n<p style=\"text-align: justify;\">Originale dans son \u00e9tui plastique, cette pierre d\u2019alun permet une prise en main de la pierre pour une application pratique et rapide.<br \/>\nSa petite taille malgr\u00e9 un poids 100g en fait le produit id\u00e9al pour vos d\u00e9placements.<\/p>\n<p>Mouiller la pierre d&#8217;alun et appliquer sur les parties du corps \u00e0 traiter (aisselles, pieds, mains&#8230;).<\/p>\n<p>Une fois humidifi\u00e9e, la pierre d&#8217;alun d\u00e9posera un film de sels min\u00e9raux qui r\u00e9gulera votre transpiration, sans la bloquer.<\/p>\n<p>Sans alcool &#8211; Sans chlorhydrate d&#8217;aluminium &#8211; Sans odeur &#8211; 100% naturelle<\/p>\n<p>[\/et_pb_toggle][et_pb_toggle admin_label=\u00bbBascule\u00bb title=\u00bbIngr\u00e9dients\u00bb open=\u00bboff\u00bb use_border_color=\u00bboff\u00bb border_color=\u00bb#ffffff\u00bb border_style=\u00bbsolid\u00bb]<\/p>\n<p style=\"text-align: justify;\">POTASSIUM ALUM<\/p>\n<p style=\"text-align: justify;\">Sans alcool &#8211; Sans chlorhydrate d&#8217;aluminium &#8211; Sans odeur<\/p>\n<p>La pierre d&#8217;alun, un d\u00e9dorant 100% naturel.<\/p>\n<p>Nos pierres d&#8217;alun sont toutes r\u00e9alis\u00e9es \u00e0 partir d&#8217;un cristal d&#8217;alun naturel sans ajouts de produits chimiques.<\/p>\n<p>[\/et_pb_toggle][et_pb_text admin_label=\u00bbTexte\u00bb global_module=\u00bb213&#8243; saved_tabs=\u00bball\u00bb background_layout=\u00bblight\u00bb text_orientation=\u00bbright\u00bb use_border_color=\u00bboff\u00bb border_color=\u00bb#ffffff\u00bb border_style=\u00bbsolid\u00bb] <div class=\"printfriendly pf-button  pf-alignleft\">\n                    <a href=\"https:\/\/www.alunotherapy.com\/es\/piedra-de-alumbre\/stick-piedra-de-alumbre-viaje\/?pfstyle=wp\" rel=\"nofollow\" onclick=\"\" title=\"Printer Friendly, PDF & Email\">\n                    <img decoding=\"async\" class=\"pf-button-img\" src=\"https:\/\/cdn.printfriendly.com\/buttons\/printfriendly-pdf-button-nobg.png\" alt=\"Print Friendly, PDF & Email\" style=\"width: 112px;height: 24px;\"  \/>\n                    <\/a>\n                <\/div> [\/et_pb_text][\/et_pb_column][\/et_pb_row][\/et_pb_section]<\/p>\n","protected":false},"excerpt":{"rendered":"<p>Stick d\u00e9odorant\u00a0\u00abVoyage\u00bb Pierre d&#8217;alun made in France Originale dans son \u00e9tui plastique, ce\u00a0stick\u00a0d\u2019alun permet une prise en main rapide et facile de la pierre pour une application pratique et rapide.\u2028 La forme \u00abcloche\u00bb de cette pierre d&#8217;alun, permet une application facile et confortable. Issue de notre savoir faire sur la pierre d&#8217;alun brute, ce stick\u00a0d&#8217;alun [&hellip;]<\/p>\n","protected":false},"author":1,"featured_media":0,"parent":442,"menu_order":0,"comment_status":"closed","ping_status":"closed","template":"","meta":{"_et_pb_use_builder":"on","_et_pb_old_content":"","_et_gb_content_width":"","footnotes":""},"class_list":["post-443","page","type-page","status-publish","hentry"],"_links":{"self":[{"href":"https:\/\/www.alunotherapy.com\/es\/wp-json\/wp\/v2\/pages\/443","targetHints":{"allow":["GET"]}}],"collection":[{"href":"https:\/\/www.alunotherapy.com\/es\/wp-json\/wp\/v2\/pages"}],"about":[{"href":"https:\/\/www.alunotherapy.com\/es\/wp-json\/wp\/v2\/types\/page"}],"author":[{"embeddable":true,"href":"https:\/\/www.alunotherapy.com\/es\/wp-json\/wp\/v2\/users\/1"}],"replies":[{"embeddable":true,"href":"https:\/\/www.alunotherapy.com\/es\/wp-json\/wp\/v2\/comments?post=443"}],"version-history":[{"count":1,"href":"https:\/\/www.alunotherapy.com\/es\/wp-json\/wp\/v2\/pages\/443\/revisions"}],"predecessor-version":[{"id":449,"href":"https:\/\/www.alunotherapy.com\/es\/wp-json\/wp\/v2\/pages\/443\/revisions\/449"}],"up":[{"embeddable":true,"href":"https:\/\/www.alunotherapy.com\/es\/wp-json\/wp\/v2\/pages\/442"}],"wp:attachment":[{"href":"https:\/\/www.alunotherapy.com\/es\/wp-json\/wp\/v2\/media?parent=443"}],"curies":[{"name":"wp","href":"https:\/\/api.w.org\/{rel}","templated":true}]}}