{"id":434,"date":"2016-09-07T15:42:09","date_gmt":"2016-09-07T14:42:09","guid":{"rendered":"http:\/\/www.alunotherapy.com\/en\/?page_id=434"},"modified":"2016-09-07T15:42:09","modified_gmt":"2016-09-07T14:42:09","slug":"stone-glass","status":"publish","type":"page","link":"https:\/\/www.alunotherapy.com\/en\/foot-care\/stone-glass\/","title":{"rendered":"Stone Glass"},"content":{"rendered":"<p>[et_pb_section admin_label=&#8221;section&#8221;][et_pb_row admin_label=&#8221;row&#8221;][et_pb_column type=&#8221;4_4&#8243;][et_pb_text admin_label=&#8221;Texte&#8221; background_layout=&#8221;light&#8221; text_orientation=&#8221;left&#8221; use_border_color=&#8221;off&#8221; border_color=&#8221;#ffffff&#8221; border_style=&#8221;solid&#8221;]<\/p>\n<h1>Pierre de verre Alunotherapy<\/h1>\n<h1>Verre recycl\u00e9 100% Naturel<\/h1>\n<p>[\/et_pb_text][\/et_pb_column][\/et_pb_row][et_pb_row admin_label=&#8221;Ligne&#8221;][et_pb_column type=&#8221;1_4&#8243;][et_pb_sidebar admin_label=&#8221;Barre lat\u00e9rale&#8221; orientation=&#8221;left&#8221; area=&#8221;et_pb_widget_area_4&#8243; background_layout=&#8221;light&#8221; remove_border=&#8221;off&#8221; module_class=&#8221;menu-vertical&#8221;] [\/et_pb_sidebar][\/et_pb_column][et_pb_column type=&#8221;3_4&#8243;][et_pb_text admin_label=&#8221;Texte&#8221; background_layout=&#8221;light&#8221; text_orientation=&#8221;left&#8221; use_border_color=&#8221;off&#8221; border_color=&#8221;#ffffff&#8221; border_style=&#8221;solid&#8221;]<\/p>\n<p>La pierre de verre des Laboratoires Osma est issu de verre recycl\u00e9.<img loading=\"lazy\" decoding=\"async\" class=\"alignright wp-image-330\" src=\"http:\/\/www.alunotherapy.com\/wp-content\/uploads\/2016\/04\/PVERFTBD-300x266.png\" alt=\"pierre de verre\" width=\"218\" height=\"193\" srcset=\"https:\/\/www.alunotherapy.com\/wp-content\/uploads\/2016\/04\/PVERFTBD-300x266.png 300w, https:\/\/www.alunotherapy.com\/wp-content\/uploads\/2016\/04\/PVERFTBD.png 500w\" sizes=\"(max-width: 218px) 100vw, 218px\" \/><\/p>\n<p>Gr\u00e2ce \u00e0 une technique unique au monde, le verre recycl\u00e9 trait\u00e9 et chauff\u00e9 \u00e0 haute temp\u00e9rature d\u00e9veloppe des propri\u00e9t\u00e9s anti-bact\u00e9riennes qui font de lui une excellent alli\u00e9 lors des soins que vous apportez \u00e0 vos pieds.<\/p>\n<p>Les deux faces de notre pierre de verre vous permettent de gommer et de lisser vos pieds, gr\u00e2ce \u00e0 des alv\u00e9oles diff\u00e9rentes.<img loading=\"lazy\" decoding=\"async\" class=\"size-full wp-image-390 alignright\" src=\"http:\/\/www.alunotherapy.com\/wp-content\/uploads\/2016\/04\/Logo-Triman.jpg\" alt=\"Logo Triman\" width=\"40\" height=\"38\" \/><\/p>\n<p>[\/et_pb_text][et_pb_text admin_label=&#8221;Texte&#8221; global_module=&#8221;213&#8243; saved_tabs=&#8221;all&#8221; background_layout=&#8221;light&#8221; text_orientation=&#8221;right&#8221; use_border_color=&#8221;off&#8221; border_color=&#8221;#ffffff&#8221; border_style=&#8221;solid&#8221;] <div class=\"printfriendly pf-button  pf-alignleft\">\n                    <a href=\"https:\/\/www.alunotherapy.com\/en\/foot-care\/stone-glass\/?pfstyle=wp\" rel=\"nofollow\" onclick=\"\" title=\"Printer Friendly, PDF & Email\">\n                    <img decoding=\"async\" class=\"pf-button-img\" src=\"https:\/\/cdn.printfriendly.com\/buttons\/printfriendly-pdf-button-nobg.png\" alt=\"Print Friendly, PDF & Email\" style=\"width: 112px;height: 24px;\"  \/>\n                    <\/a>\n                <\/div> [\/et_pb_text][\/et_pb_column][\/et_pb_row][\/et_pb_section]<\/p>\n","protected":false},"excerpt":{"rendered":"<p>Pierre de verre Alunotherapy Verre recycl\u00e9 100% Naturel La pierre de verre des Laboratoires Osma est issu de verre recycl\u00e9. Gr\u00e2ce \u00e0 une technique unique au monde, le verre recycl\u00e9 trait\u00e9 et chauff\u00e9 \u00e0 haute temp\u00e9rature d\u00e9veloppe des propri\u00e9t\u00e9s anti-bact\u00e9riennes qui font de lui une excellent alli\u00e9 lors des soins que vous apportez \u00e0 vos [&hellip;]<\/p>\n","protected":false},"author":1,"featured_media":0,"parent":432,"menu_order":0,"comment_status":"closed","ping_status":"closed","template":"","meta":{"_et_pb_use_builder":"on","_et_pb_old_content":"","_et_gb_content_width":"","footnotes":""},"class_list":["post-434","page","type-page","status-publish","hentry"],"_links":{"self":[{"href":"https:\/\/www.alunotherapy.com\/en\/wp-json\/wp\/v2\/pages\/434","targetHints":{"allow":["GET"]}}],"collection":[{"href":"https:\/\/www.alunotherapy.com\/en\/wp-json\/wp\/v2\/pages"}],"about":[{"href":"https:\/\/www.alunotherapy.com\/en\/wp-json\/wp\/v2\/types\/page"}],"author":[{"embeddable":true,"href":"https:\/\/www.alunotherapy.com\/en\/wp-json\/wp\/v2\/users\/1"}],"replies":[{"embeddable":true,"href":"https:\/\/www.alunotherapy.com\/en\/wp-json\/wp\/v2\/comments?post=434"}],"version-history":[{"count":1,"href":"https:\/\/www.alunotherapy.com\/en\/wp-json\/wp\/v2\/pages\/434\/revisions"}],"predecessor-version":[{"id":440,"href":"https:\/\/www.alunotherapy.com\/en\/wp-json\/wp\/v2\/pages\/434\/revisions\/440"}],"up":[{"embeddable":true,"href":"https:\/\/www.alunotherapy.com\/en\/wp-json\/wp\/v2\/pages\/432"}],"wp:attachment":[{"href":"https:\/\/www.alunotherapy.com\/en\/wp-json\/wp\/v2\/media?parent=434"}],"curies":[{"name":"wp","href":"https:\/\/api.w.org\/{rel}","templated":true}]}}