{"id":432,"date":"2016-09-07T15:41:33","date_gmt":"2016-09-07T14:41:33","guid":{"rendered":"http:\/\/www.alunotherapy.com\/en\/?page_id=432"},"modified":"2016-09-07T15:41:33","modified_gmt":"2016-09-07T14:41:33","slug":"foot-care","status":"publish","type":"page","link":"https:\/\/www.alunotherapy.com\/en\/foot-care\/","title":{"rendered":"Foot Care"},"content":{"rendered":"<p>[et_pb_section admin_label=&#8221;section&#8221;][et_pb_row admin_label=&#8221;row&#8221;][et_pb_column type=&#8221;4_4&#8243;][et_pb_text admin_label=&#8221;Texte&#8221; background_layout=&#8221;light&#8221; text_orientation=&#8221;left&#8221; use_border_color=&#8221;off&#8221; border_color=&#8221;#ffffff&#8221; border_style=&#8221;solid&#8221;]<\/p>\n<h1>Soins des pieds Alunotherapy<\/h1>\n<p>[\/et_pb_text][\/et_pb_column][\/et_pb_row][et_pb_row admin_label=&#8221;Ligne&#8221;][et_pb_column type=&#8221;1_4&#8243;][et_pb_sidebar admin_label=&#8221;Barre lat\u00e9rale&#8221; orientation=&#8221;left&#8221; area=&#8221;et_pb_widget_area_4&#8243; background_layout=&#8221;light&#8221; remove_border=&#8221;off&#8221; module_class=&#8221;menu-vertical&#8221;] [\/et_pb_sidebar][\/et_pb_column][et_pb_column type=&#8221;3_4&#8243;][et_pb_text admin_label=&#8221;Texte&#8221; background_layout=&#8221;light&#8221; text_orientation=&#8221;left&#8221; use_border_color=&#8221;off&#8221; border_color=&#8221;#ffffff&#8221; border_style=&#8221;solid&#8221;]<\/p>\n<h2>Soin des pieds<\/h2>\n<p>Essentielles mais pourtant souvent oubli\u00e9s, nos pieds ont pourtant besoins d&#8217;une attention toute particuli\u00e8re.<\/p>\n<p>Les Laboratoires Osma, ont d\u00e9velopp\u00e9 une gamme compl\u00e8te de produits naturels destin\u00e9s \u00e0 traiter aux quotidiens les probl\u00e9matiques auxquels vous faites face :<\/p>\n<ul>\n<li>Probl\u00e8mes de sudation<\/li>\n<li>Sensation de fatigue<\/li>\n<li>Peaux mortes<\/li>\n<\/ul>\n<h4>Des produits adpat\u00e9s \u00e0 votre utilisation<\/h4>\n<ul>\n<li>Fluide pieds<\/li>\n<li>Poudre Pieds<\/li>\n<li>Pierre de Verre<\/li>\n<\/ul>\n<h4>\u00a0Des produits\u00a0naturels<\/h4>\n<p>Notre gamme de soins des pieds est d\u00e9velopp\u00e9 \u00e0 partir d&#8217;ingr\u00e9dients naturels (pierre d&#8217;alun, talc, huiles essentielles) et nos produits sont tous fabriqu\u00e9s en France.<\/p>\n<p>[\/et_pb_text][et_pb_text admin_label=&#8221;Texte&#8221; global_module=&#8221;213&#8243; saved_tabs=&#8221;all&#8221; background_layout=&#8221;light&#8221; text_orientation=&#8221;right&#8221; use_border_color=&#8221;off&#8221; border_color=&#8221;#ffffff&#8221; border_style=&#8221;solid&#8221;] <div class=\"printfriendly pf-button  pf-alignleft\">\n                    <a href=\"https:\/\/www.alunotherapy.com\/en\/foot-care\/?pfstyle=wp\" rel=\"nofollow\" onclick=\"\" title=\"Printer Friendly, PDF & Email\">\n                    <img decoding=\"async\" class=\"pf-button-img\" src=\"https:\/\/cdn.printfriendly.com\/buttons\/printfriendly-pdf-button-nobg.png\" alt=\"Print Friendly, PDF & Email\" style=\"width: 112px;height: 24px;\"  \/>\n                    <\/a>\n                <\/div> [\/et_pb_text][\/et_pb_column][\/et_pb_row][\/et_pb_section]<\/p>\n","protected":false},"excerpt":{"rendered":"<p>Soins des pieds Alunotherapy Soin des pieds Essentielles mais pourtant souvent oubli\u00e9s, nos pieds ont pourtant besoins d&#8217;une attention toute particuli\u00e8re. Les Laboratoires Osma, ont d\u00e9velopp\u00e9 une gamme compl\u00e8te de produits naturels destin\u00e9s \u00e0 traiter aux quotidiens les probl\u00e9matiques auxquels vous faites face : Probl\u00e8mes de sudation Sensation de fatigue Peaux mortes Des produits adpat\u00e9s [&hellip;]<\/p>\n","protected":false},"author":1,"featured_media":0,"parent":0,"menu_order":0,"comment_status":"closed","ping_status":"closed","template":"","meta":{"_et_pb_use_builder":"on","_et_pb_old_content":"","_et_gb_content_width":"","footnotes":""},"class_list":["post-432","page","type-page","status-publish","hentry"],"_links":{"self":[{"href":"https:\/\/www.alunotherapy.com\/en\/wp-json\/wp\/v2\/pages\/432","targetHints":{"allow":["GET"]}}],"collection":[{"href":"https:\/\/www.alunotherapy.com\/en\/wp-json\/wp\/v2\/pages"}],"about":[{"href":"https:\/\/www.alunotherapy.com\/en\/wp-json\/wp\/v2\/types\/page"}],"author":[{"embeddable":true,"href":"https:\/\/www.alunotherapy.com\/en\/wp-json\/wp\/v2\/users\/1"}],"replies":[{"embeddable":true,"href":"https:\/\/www.alunotherapy.com\/en\/wp-json\/wp\/v2\/comments?post=432"}],"version-history":[{"count":1,"href":"https:\/\/www.alunotherapy.com\/en\/wp-json\/wp\/v2\/pages\/432\/revisions"}],"predecessor-version":[{"id":438,"href":"https:\/\/www.alunotherapy.com\/en\/wp-json\/wp\/v2\/pages\/432\/revisions\/438"}],"wp:attachment":[{"href":"https:\/\/www.alunotherapy.com\/en\/wp-json\/wp\/v2\/media?parent=432"}],"curies":[{"name":"wp","href":"https:\/\/api.w.org\/{rel}","templated":true}]}}