{"id":424,"date":"2016-09-07T15:39:26","date_gmt":"2016-09-07T14:39:26","guid":{"rendered":"http:\/\/www.alunotherapy.com\/en\/?page_id=424"},"modified":"2016-09-07T15:39:26","modified_gmt":"2016-09-07T14:39:26","slug":"stick-alum-stone-100g","status":"publish","type":"page","link":"https:\/\/www.alunotherapy.com\/en\/alum-stone\/stick-alum-stone-100g\/","title":{"rendered":"Stick Alum stone 100g"},"content":{"rendered":"<p>[et_pb_section admin_label=&#8221;section&#8221;][et_pb_row admin_label=&#8221;row&#8221;][et_pb_column type=&#8221;4_4&#8243;][et_pb_text admin_label=&#8221;Texte&#8221; background_layout=&#8221;light&#8221; text_orientation=&#8221;left&#8221; use_border_color=&#8221;off&#8221; border_color=&#8221;#ffffff&#8221; border_style=&#8221;solid&#8221;]<\/p>\n<h1>D\u00e9odorant Stick 100g<\/h1>\n<h1>Pierre d&#8217;alun Made in France<\/h1>\n<p>[\/et_pb_text][\/et_pb_column][\/et_pb_row][et_pb_row admin_label=&#8221;Ligne&#8221;][et_pb_column type=&#8221;1_4&#8243;][et_pb_sidebar admin_label=&#8221;Barre lat\u00e9rale&#8221; orientation=&#8221;left&#8221; area=&#8221;et_pb_widget_area_2&#8243; background_layout=&#8221;light&#8221; remove_border=&#8221;off&#8221; module_class=&#8221;menu-vertical&#8221;] [\/et_pb_sidebar][\/et_pb_column][et_pb_column type=&#8221;3_4&#8243;][et_pb_text admin_label=&#8221;Texte&#8221; background_layout=&#8221;light&#8221; text_orientation=&#8221;left&#8221; use_border_color=&#8221;off&#8221; border_color=&#8221;#ffffff&#8221; border_style=&#8221;solid&#8221;]<\/p>\n<p style=\"text-align: justify;\"><img loading=\"lazy\" decoding=\"async\" class=\"alignright wp-image-259 size-medium cjygrjqmkfqaxyqrlikv\" src=\"http:\/\/www.alunotherapy.com\/wp-content\/uploads\/2016\/04\/Deodorant_stick_100g_blanc_cadreplein_1-120x300.jpg\" alt=\"pierre d'alun stick d\u00e9odorant 100g\" width=\"120\" height=\"300\" srcset=\"https:\/\/www.alunotherapy.com\/wp-content\/uploads\/2016\/04\/Deodorant_stick_100g_blanc_cadreplein_1-120x300.jpg 120w, https:\/\/www.alunotherapy.com\/wp-content\/uploads\/2016\/04\/Deodorant_stick_100g_blanc_cadreplein_1.jpg 239w\" sizes=\"(max-width: 120px) 100vw, 120px\" \/>Dot\u00e9 d\u2019un \u00e9tui plastique transparent,<strong> notre pierre d&#8217;alun<\/strong> en stick 100g se d\u00e9marque par la qualit\u00e9 de son emballage.<\/p>\n<p style=\"text-align: justify;\">Issu de notre laboratoire, nos pierres d&#8217;alun sont fa\u00e7onn\u00e9es \u00e0 la main en France.<\/p>\n<p>Pratique \u00e0 utiliser, avec sons syst\u00e8me coulissant, il est efficace pour lutter contre la sudation.<\/p>\n<p>L\u2019emballage d\u00e9velopp\u00e9 par les Laboratoires Osma, maintient la Pierre dans son \u00e9tui, tout en \u00e9vacuant l\u2019eau pour \u00e9viter une usure pr\u00e9matur\u00e9e; en permettant une mise en valeur de notre stick.<\/p>\n<p>R\u00e9gulateur naturel de transpiration, le cristal\u00a0d&#8217;alun gr\u00e2ce \u00e0 son action astringente r\u00e9duit votre sudation, sans modifier le processus naturel de votre organisme.<\/p>\n<p>Ses propri\u00e9t\u00e9s anti bact\u00e9riennes limiteront l\u2019apparition des bact\u00e9ries responsables des mauvaises odeurs.<\/p>\n<p><strong>Protection 100% naturelle.<img loading=\"lazy\" decoding=\"async\" class=\"size-full wp-image-390 alignright\" src=\"http:\/\/www.alunotherapy.com\/wp-content\/uploads\/2016\/04\/Logo-Triman.jpg\" alt=\"Logo Triman\" width=\"40\" height=\"38\" \/><\/strong><\/p>\n<p>[\/et_pb_text][et_pb_text admin_label=&#8221;Texte&#8221; global_module=&#8221;213&#8243; saved_tabs=&#8221;all&#8221; background_layout=&#8221;light&#8221; text_orientation=&#8221;right&#8221; use_border_color=&#8221;off&#8221; border_color=&#8221;#ffffff&#8221; border_style=&#8221;solid&#8221;] <div class=\"printfriendly pf-button  pf-alignleft\">\n                    <a href=\"https:\/\/www.alunotherapy.com\/en\/alum-stone\/stick-alum-stone-100g\/?pfstyle=wp\" rel=\"nofollow\" onclick=\"\" title=\"Printer Friendly, PDF & Email\">\n                    <img decoding=\"async\" class=\"pf-button-img\" src=\"https:\/\/cdn.printfriendly.com\/buttons\/printfriendly-pdf-button-nobg.png\" alt=\"Print Friendly, PDF & Email\" style=\"width: 112px;height: 24px;\"  \/>\n                    <\/a>\n                <\/div> [\/et_pb_text][et_pb_divider admin_label=&#8221;S\u00e9parateur&#8221; color=&#8221;#ffffff&#8221; show_divider=&#8221;off&#8221; height=&#8221;10&#8243; divider_style=&#8221;solid&#8221; divider_position=&#8221;top&#8221; hide_on_mobile=&#8221;on&#8221;] [\/et_pb_divider][et_pb_toggle admin_label=&#8221;Bascule&#8221; title=&#8221;Caract\u00e9ristiques&#8221; open=&#8221;off&#8221; use_border_color=&#8221;off&#8221; border_color=&#8221;#ffffff&#8221; border_style=&#8221;solid&#8221;]<\/p>\n<p>La pierre d&#8217;alun est un produit \u00e9conomique : Dur\u00e9e de vie &gt; \u00e0 1 an.<\/p>\n<p>Produit \u00e9cologique : Moins de d\u00e9chet : \u00e9quivaut \u00e0 10 sprays a\u00e9rosols classiques.<\/p>\n<p>Mouiller la pierre d&#8217;alun et appliquer sur les parties du corps \u00e0 traiter (aisselles, pieds, mains&#8230;).<\/p>\n<p>Une fois humidifi\u00e9e, la pierre d&#8217;alun d\u00e9posera un film de sels min\u00e9raux qui r\u00e9gulera votre transpiration, sans la bloquer.<\/p>\n<p>[\/et_pb_toggle][et_pb_toggle admin_label=&#8221;Bascule&#8221; title=&#8221;Ingr\u00e9dients&#8221; open=&#8221;off&#8221; use_border_color=&#8221;off&#8221; border_color=&#8221;#ffffff&#8221; border_style=&#8221;solid&#8221;]<\/p>\n<p>POTASSIUM ALUM<\/p>\n<p>Sans alcool &#8211; Sans chlorhydrate d&#8217;aluminium &#8211; Sans odeur &#8211;<\/p>\n<p>La pierre d&#8217;alun est un d\u00e9odorant 100% naturel.<\/p>\n<p>Nos pierres d&#8217;alun sont fa\u00e7onn\u00e9es en France et ne font l&#8217;objet d&#8217;aucun ajout de produits chimiques.<\/p>\n<p>C&#8217;est ainsi que notre poudre d&#8217;alun est reconnue par Ecocert comme ingr\u00e9dient naturel.<\/p>\n<p>[\/et_pb_toggle][\/et_pb_column][\/et_pb_row][\/et_pb_section]<\/p>\n","protected":false},"excerpt":{"rendered":"<p>D\u00e9odorant Stick 100g Pierre d&#8217;alun Made in France Dot\u00e9 d\u2019un \u00e9tui plastique transparent, notre pierre d&#8217;alun en stick 100g se d\u00e9marque par la qualit\u00e9 de son emballage. Issu de notre laboratoire, nos pierres d&#8217;alun sont fa\u00e7onn\u00e9es \u00e0 la main en France. Pratique \u00e0 utiliser, avec sons syst\u00e8me coulissant, il est efficace pour lutter contre la [&hellip;]<\/p>\n","protected":false},"author":1,"featured_media":0,"parent":422,"menu_order":0,"comment_status":"closed","ping_status":"closed","template":"","meta":{"_et_pb_use_builder":"on","_et_pb_old_content":"","_et_gb_content_width":"","footnotes":""},"class_list":["post-424","page","type-page","status-publish","hentry"],"_links":{"self":[{"href":"https:\/\/www.alunotherapy.com\/en\/wp-json\/wp\/v2\/pages\/424","targetHints":{"allow":["GET"]}}],"collection":[{"href":"https:\/\/www.alunotherapy.com\/en\/wp-json\/wp\/v2\/pages"}],"about":[{"href":"https:\/\/www.alunotherapy.com\/en\/wp-json\/wp\/v2\/types\/page"}],"author":[{"embeddable":true,"href":"https:\/\/www.alunotherapy.com\/en\/wp-json\/wp\/v2\/users\/1"}],"replies":[{"embeddable":true,"href":"https:\/\/www.alunotherapy.com\/en\/wp-json\/wp\/v2\/comments?post=424"}],"version-history":[{"count":1,"href":"https:\/\/www.alunotherapy.com\/en\/wp-json\/wp\/v2\/pages\/424\/revisions"}],"predecessor-version":[{"id":429,"href":"https:\/\/www.alunotherapy.com\/en\/wp-json\/wp\/v2\/pages\/424\/revisions\/429"}],"up":[{"embeddable":true,"href":"https:\/\/www.alunotherapy.com\/en\/wp-json\/wp\/v2\/pages\/422"}],"wp:attachment":[{"href":"https:\/\/www.alunotherapy.com\/en\/wp-json\/wp\/v2\/media?parent=424"}],"curies":[{"name":"wp","href":"https:\/\/api.w.org\/{rel}","templated":true}]}}