{"id":422,"date":"2016-09-07T15:38:45","date_gmt":"2016-09-07T14:38:45","guid":{"rendered":"http:\/\/www.alunotherapy.com\/en\/?page_id=422"},"modified":"2016-09-07T15:38:45","modified_gmt":"2016-09-07T14:38:45","slug":"alum-stone","status":"publish","type":"page","link":"https:\/\/www.alunotherapy.com\/en\/alum-stone\/","title":{"rendered":"Alum stone"},"content":{"rendered":"<p>[et_pb_section admin_label=&#8221;section&#8221;][et_pb_row admin_label=&#8221;row&#8221;][et_pb_column type=&#8221;4_4&#8243;][et_pb_text admin_label=&#8221;Texte&#8221; background_layout=&#8221;light&#8221; text_orientation=&#8221;left&#8221; use_border_color=&#8221;off&#8221; border_color=&#8221;#ffffff&#8221; border_style=&#8221;solid&#8221;]<\/p>\n<h1>Pierre d&#8217;Alun Alunotherapy<\/h1>\n<h1>Un savoir faire fran\u00e7ais<\/h1>\n<p>[\/et_pb_text][\/et_pb_column][\/et_pb_row][et_pb_row admin_label=&#8221;Ligne&#8221;][et_pb_column type=&#8221;1_4&#8243;][et_pb_sidebar admin_label=&#8221;Barre lat\u00e9rale&#8221; orientation=&#8221;left&#8221; area=&#8221;et_pb_widget_area_2&#8243; background_layout=&#8221;light&#8221; remove_border=&#8221;off&#8221; module_class=&#8221;menu-vertical&#8221;] [\/et_pb_sidebar][\/et_pb_column][et_pb_column type=&#8221;3_4&#8243;][et_pb_text admin_label=&#8221;Texte&#8221; background_layout=&#8221;light&#8221; text_orientation=&#8221;left&#8221; use_border_color=&#8221;off&#8221; border_color=&#8221;#ffffff&#8221; border_style=&#8221;solid&#8221;]<\/p>\n<h2>Depuis 1957<img loading=\"lazy\" decoding=\"async\" class=\"alignright wp-image-286 size-medium\" src=\"http:\/\/www.alunotherapy.com\/wp-content\/uploads\/2016\/04\/ALUNOTHERAPYPOSTER-300x150.jpg\" alt=\"alunotherapy : pierre d'alun naturelle\" width=\"300\" height=\"150\" srcset=\"https:\/\/www.alunotherapy.com\/wp-content\/uploads\/2016\/04\/ALUNOTHERAPYPOSTER-300x150.jpg 300w, https:\/\/www.alunotherapy.com\/wp-content\/uploads\/2016\/04\/ALUNOTHERAPYPOSTER-768x384.jpg 768w, https:\/\/www.alunotherapy.com\/wp-content\/uploads\/2016\/04\/ALUNOTHERAPYPOSTER-1024x512.jpg 1024w, https:\/\/www.alunotherapy.com\/wp-content\/uploads\/2016\/04\/ALUNOTHERAPYPOSTER-1080x540.jpg 1080w, https:\/\/www.alunotherapy.com\/wp-content\/uploads\/2016\/04\/ALUNOTHERAPYPOSTER.jpg 2048w\" sizes=\"(max-width: 300px) 100vw, 300px\" \/><\/h2>\n<p>Osma Alunotherapy, est une marque issue du savoir faire des Laboratoires Osma, dernier fa\u00e7onnier fran\u00e7ais de pierre d&#8217;alun.<br \/>\nDepuis 1957, nous fabriquons des cosm\u00e9tiques \u00e0 base de ce min\u00e9ral naturel reconnu pour ses propri\u00e9t\u00e9s astringentes et anti-bact\u00e9riennes.<\/p>\n<h3>Un ingr\u00e9dient 100% naturel<\/h3>\n<p style=\"text-align: left;\">La pierre d&#8217;alun des Laboratoires Osma est issu de carri\u00e8res naturelles.<br \/>\nNotre cristal d&#8217;alun ne subit aucune transformation chimique et vous offre une v\u00e9ritable alternative naturel aux d\u00e9odorants classiques.<\/p>\n<h3>Une offre \u00e9conomique et \u00e9cologique<\/h3>\n<p style=\"text-align: left;\">Nos d\u00e9odorants sous forme de cristal d&#8217;alun offre une dur\u00e9e de vie sup\u00e9rieur \u00e0 un an sans alt\u00e9rer leur qualit\u00e9.<br \/>\nCeci en fait l&#8217;un des d\u00e9odorants les plus \u00e9conomiques du march\u00e9.<br \/>\nEn effet,\u00a0le prix d\u2019achat d&#8217;un seul de nos sticks d&#8217;alun (environ 10\u20ac) repr\u00e9sentera votre budget annuel pour l&#8217;achat de d\u00e9odorants.<\/p>\n<p style=\"text-align: left;\">L&#8217;utilisation de nos sticks d&#8217;alun\u00a0ne g\u00e9n\u00e9rera que tr\u00e8s peu de d\u00e9chets en comparaison aux d\u00e9odorants a\u00e9rosols vendus en grandes surfaces.<\/p>\n<h4>L&#8217;alun sous toutes ses formes<\/h4>\n<p>Nous proposons au travers d&#8217;Osma Alunotherpay de d\u00e9couvrir l&#8217;alun sous diff\u00e9rentes formes<\/p>\n<ul>\n<li>Pierre d&#8217;alun polies \u00e0 main<img loading=\"lazy\" decoding=\"async\" class=\"alignright wp-image-16\" src=\"http:\/\/www.alunotherapy.com\/wp-content\/uploads\/2016\/04\/Image-accueil-300x62.jpg\" alt=\"alunotherapy deodorant naturel\" width=\"489\" height=\"101\" srcset=\"https:\/\/www.alunotherapy.com\/wp-content\/uploads\/2016\/04\/Image-accueil-300x62.jpg 300w, https:\/\/www.alunotherapy.com\/wp-content\/uploads\/2016\/04\/Image-accueil-768x159.jpg 768w, https:\/\/www.alunotherapy.com\/wp-content\/uploads\/2016\/04\/Image-accueil-1024x212.jpg 1024w, https:\/\/www.alunotherapy.com\/wp-content\/uploads\/2016\/04\/Image-accueil-1200x249.jpg 1200w, https:\/\/www.alunotherapy.com\/wp-content\/uploads\/2016\/04\/Image-accueil.jpg 1920w\" sizes=\"(max-width: 489px) 100vw, 489px\" \/><\/li>\n<li>Roll-on d\u00e9odorant Bio<\/li>\n<li>Spray d\u00e9odorant Bio<\/li>\n<li>Poudre d&#8217;alun<\/li>\n<li>Cr\u00e9me pieds Bio<\/li>\n<\/ul>\n<h5><\/h5>\n<p>[\/et_pb_text][et_pb_text admin_label=&#8221;Texte&#8221; global_module=&#8221;213&#8243; saved_tabs=&#8221;all&#8221; background_layout=&#8221;light&#8221; text_orientation=&#8221;right&#8221; use_border_color=&#8221;off&#8221; border_color=&#8221;#ffffff&#8221; border_style=&#8221;solid&#8221;] <div class=\"printfriendly pf-button  pf-alignleft\">\n                    <a href=\"https:\/\/www.alunotherapy.com\/en\/alum-stone\/?pfstyle=wp\" rel=\"nofollow\" onclick=\"\" title=\"Printer Friendly, PDF & Email\">\n                    <img decoding=\"async\" class=\"pf-button-img\" src=\"https:\/\/cdn.printfriendly.com\/buttons\/printfriendly-pdf-button-nobg.png\" alt=\"Print Friendly, PDF & Email\" style=\"width: 112px;height: 24px;\"  \/>\n                    <\/a>\n                <\/div> [\/et_pb_text][\/et_pb_column][\/et_pb_row][\/et_pb_section]<\/p>\n","protected":false},"excerpt":{"rendered":"<p>Pierre d&#8217;Alun Alunotherapy Un savoir faire fran\u00e7ais Depuis 1957 Osma Alunotherapy, est une marque issue du savoir faire des Laboratoires Osma, dernier fa\u00e7onnier fran\u00e7ais de pierre d&#8217;alun. Depuis 1957, nous fabriquons des cosm\u00e9tiques \u00e0 base de ce min\u00e9ral naturel reconnu pour ses propri\u00e9t\u00e9s astringentes et anti-bact\u00e9riennes. Un ingr\u00e9dient 100% naturel La pierre d&#8217;alun des Laboratoires [&hellip;]<\/p>\n","protected":false},"author":1,"featured_media":0,"parent":0,"menu_order":0,"comment_status":"closed","ping_status":"closed","template":"","meta":{"_et_pb_use_builder":"on","_et_pb_old_content":"","_et_gb_content_width":"","footnotes":""},"class_list":["post-422","page","type-page","status-publish","hentry"],"_links":{"self":[{"href":"https:\/\/www.alunotherapy.com\/en\/wp-json\/wp\/v2\/pages\/422","targetHints":{"allow":["GET"]}}],"collection":[{"href":"https:\/\/www.alunotherapy.com\/en\/wp-json\/wp\/v2\/pages"}],"about":[{"href":"https:\/\/www.alunotherapy.com\/en\/wp-json\/wp\/v2\/types\/page"}],"author":[{"embeddable":true,"href":"https:\/\/www.alunotherapy.com\/en\/wp-json\/wp\/v2\/users\/1"}],"replies":[{"embeddable":true,"href":"https:\/\/www.alunotherapy.com\/en\/wp-json\/wp\/v2\/comments?post=422"}],"version-history":[{"count":1,"href":"https:\/\/www.alunotherapy.com\/en\/wp-json\/wp\/v2\/pages\/422\/revisions"}],"predecessor-version":[{"id":427,"href":"https:\/\/www.alunotherapy.com\/en\/wp-json\/wp\/v2\/pages\/422\/revisions\/427"}],"wp:attachment":[{"href":"https:\/\/www.alunotherapy.com\/en\/wp-json\/wp\/v2\/media?parent=422"}],"curies":[{"name":"wp","href":"https:\/\/api.w.org\/{rel}","templated":true}]}}