{"id":420,"date":"2016-09-07T15:38:21","date_gmt":"2016-09-07T14:38:21","guid":{"rendered":"http:\/\/www.alunotherapy.com\/en\/?page_id=420"},"modified":"2016-09-08T13:42:10","modified_gmt":"2016-09-08T12:42:10","slug":"organic-spray-deodorant","status":"publish","type":"page","link":"https:\/\/www.alunotherapy.com\/en\/organic-deodorant\/organic-spray-deodorant\/","title":{"rendered":"Organic spray deodorant"},"content":{"rendered":"<p>[et_pb_section admin_label=&#8221;section&#8221;][et_pb_row admin_label=&#8221;row&#8221;][et_pb_column type=&#8221;4_4&#8243;][et_pb_text admin_label=&#8221;Texte&#8221; background_layout=&#8221;light&#8221; text_orientation=&#8221;left&#8221; use_border_color=&#8221;off&#8221; border_color=&#8221;#ffffff&#8221; border_style=&#8221;solid&#8221;]<\/p>\n<h1>Spray d\u00e9odorant Bio<\/h1>\n<h1>Alun-Sauge<\/h1>\n<p>[\/et_pb_text][\/et_pb_column][\/et_pb_row][et_pb_row admin_label=&#8221;Ligne&#8221;][et_pb_column type=&#8221;1_4&#8243;][et_pb_sidebar admin_label=&#8221;Barre lat\u00e9rale&#8221; orientation=&#8221;left&#8221; area=&#8221;et_pb_widget_area_1&#8243; background_layout=&#8221;light&#8221; remove_border=&#8221;off&#8221; module_class=&#8221;menu-vertical&#8221;] [\/et_pb_sidebar][\/et_pb_column][et_pb_column type=&#8221;3_4&#8243;][et_pb_text admin_label=&#8221;Texte&#8221; background_layout=&#8221;light&#8221; text_orientation=&#8221;left&#8221; use_border_color=&#8221;off&#8221; border_color=&#8221;#ffffff&#8221; border_style=&#8221;solid&#8221;]<\/p>\n<p>Gr\u00e2ce \u00e0 au cristal d\u2019alun qu\u2019il contient ce spray d\u00e9odorant bio alun-sauge r\u00e9gulera votre transpiration totalement naturellement.<img loading=\"lazy\" decoding=\"async\" class=\"alignright wp-image-296 \" src=\"http:\/\/www.alunotherapy.com\/wp-content\/uploads\/2016\/04\/Deodorant-spray-blanc-BD-93x300.jpg\" alt=\"d\u00e9odroant spray bio alun-sauge\" width=\"80\" height=\"258\" srcset=\"https:\/\/www.alunotherapy.com\/wp-content\/uploads\/2016\/04\/Deodorant-spray-blanc-BD-93x300.jpg 93w, https:\/\/www.alunotherapy.com\/wp-content\/uploads\/2016\/04\/Deodorant-spray-blanc-BD.jpg 310w\" sizes=\"(max-width: 80px) 100vw, 80px\" \/><\/p>\n<p>Enrichi en Aloe Vera, c\u2019est la garantie d\u2019une peau respect\u00e9e et hydrat\u00e9e.<\/p>\n<p>Les\u00a0\u00a0extraits de Sauge contenus dans ce spay, qui vous assureront une hygi\u00e8ne parfaite.<\/p>\n<p>Originaire d&#8217;Europe et d&#8217;Asie Occidentale, la sauge est utilis\u00e9e depuis longe date pour ses vertues m\u00e9dicinales.<\/p>\n<p>Le format spray brumisateur vous procurera une sensation fra\u00eecheur lors de l\u2019application<\/p>\n<p>Ce spray peut \u00eatre utilis\u00e9 sur toutes les parties du corps \u00e0 traiter (aisselles, pieds\u2026).<\/p>\n<p>Soucieux de notre impact environnemental, notre spray est certifi\u00e9 Bio.<img loading=\"lazy\" decoding=\"async\" class=\"size-full wp-image-390 alignright\" src=\"http:\/\/www.alunotherapy.com\/wp-content\/uploads\/2016\/04\/Logo-Triman.jpg\" alt=\"Logo Triman\" width=\"40\" height=\"38\" \/><br \/>\n<img loading=\"lazy\" decoding=\"async\" class=\"size-full wp-image-238 alignright\" src=\"http:\/\/www.alunotherapy.com\/wp-content\/uploads\/2016\/04\/logo_BIO_fond_transparentpetitformat.png\" alt=\"cosm\u00e9tique bio\" width=\"100\" height=\"84\" \/><\/p>\n<p>[\/et_pb_text][et_pb_text admin_label=&#8221;Texte&#8221; global_module=&#8221;213&#8243; saved_tabs=&#8221;all&#8221; background_layout=&#8221;light&#8221; text_orientation=&#8221;right&#8221; use_border_color=&#8221;off&#8221; border_color=&#8221;#ffffff&#8221; border_style=&#8221;solid&#8221;] <div class=\"printfriendly pf-button  pf-alignleft\">\n                    <a href=\"https:\/\/www.alunotherapy.com\/en\/organic-deodorant\/organic-spray-deodorant\/?pfstyle=wp\" rel=\"nofollow\" onclick=\"\" title=\"Printer Friendly, PDF & Email\">\n                    <img decoding=\"async\" class=\"pf-button-img\" src=\"https:\/\/cdn.printfriendly.com\/buttons\/printfriendly-pdf-button-nobg.png\" alt=\"Print Friendly, PDF & Email\" style=\"width: 112px;height: 24px;\"  \/>\n                    <\/a>\n                <\/div> [\/et_pb_text][et_pb_divider admin_label=&#8221;S\u00e9parateur&#8221; color=&#8221;#ffffff&#8221; show_divider=&#8221;off&#8221; height=&#8221;20&#8243; divider_style=&#8221;solid&#8221; divider_position=&#8221;top&#8221; hide_on_mobile=&#8221;on&#8221;] [\/et_pb_divider][et_pb_toggle admin_label=&#8221;Bascule&#8221; title=&#8221;Ingr\u00e9dients&#8221; open=&#8221;off&#8221; use_border_color=&#8221;off&#8221; border_color=&#8221;#ffffff&#8221; border_style=&#8221;solid&#8221;]<\/p>\n<p>Aqua, glycerin, aloe barbadensis leaf extract*potassium alum, salvia officinalis water*, benzyl alcohol, dehydroacetic acid<br \/>\n*ingr\u00e9dients issus de l\u2019agriculture biologique<br \/>\n99.8% des ingr\u00e9dients sont d\u2019origine naturelle<br \/>\n24.9% du total des ingr\u00e9dients sont issus de l\u2019agriculture biologique<br \/>\nCosm\u00e9tiques \u00c9cologiques et Biologiques certifi\u00e9s par ECOCERT Greenlife selon le r\u00e9f\u00e9rentiel ECOCERT disponible sur http:\/\/cosmetiques.ecocert.com<\/p>\n<p>[\/et_pb_toggle][\/et_pb_column][\/et_pb_row][\/et_pb_section]<\/p>\n","protected":false},"excerpt":{"rendered":"<p>Spray d\u00e9odorant Bio Alun-Sauge Gr\u00e2ce \u00e0 au cristal d\u2019alun qu\u2019il contient ce spray d\u00e9odorant bio alun-sauge r\u00e9gulera votre transpiration totalement naturellement. Enrichi en Aloe Vera, c\u2019est la garantie d\u2019une peau respect\u00e9e et hydrat\u00e9e. Les\u00a0\u00a0extraits de Sauge contenus dans ce spay, qui vous assureront une hygi\u00e8ne parfaite. Originaire d&#8217;Europe et d&#8217;Asie Occidentale, la sauge est utilis\u00e9e [&hellip;]<\/p>\n","protected":false},"author":1,"featured_media":0,"parent":407,"menu_order":0,"comment_status":"closed","ping_status":"closed","template":"","meta":{"_et_pb_use_builder":"on","_et_pb_old_content":"","_et_gb_content_width":"","footnotes":""},"class_list":["post-420","page","type-page","status-publish","hentry"],"_links":{"self":[{"href":"https:\/\/www.alunotherapy.com\/en\/wp-json\/wp\/v2\/pages\/420","targetHints":{"allow":["GET"]}}],"collection":[{"href":"https:\/\/www.alunotherapy.com\/en\/wp-json\/wp\/v2\/pages"}],"about":[{"href":"https:\/\/www.alunotherapy.com\/en\/wp-json\/wp\/v2\/types\/page"}],"author":[{"embeddable":true,"href":"https:\/\/www.alunotherapy.com\/en\/wp-json\/wp\/v2\/users\/1"}],"replies":[{"embeddable":true,"href":"https:\/\/www.alunotherapy.com\/en\/wp-json\/wp\/v2\/comments?post=420"}],"version-history":[{"count":3,"href":"https:\/\/www.alunotherapy.com\/en\/wp-json\/wp\/v2\/pages\/420\/revisions"}],"predecessor-version":[{"id":540,"href":"https:\/\/www.alunotherapy.com\/en\/wp-json\/wp\/v2\/pages\/420\/revisions\/540"}],"up":[{"embeddable":true,"href":"https:\/\/www.alunotherapy.com\/en\/wp-json\/wp\/v2\/pages\/407"}],"wp:attachment":[{"href":"https:\/\/www.alunotherapy.com\/en\/wp-json\/wp\/v2\/media?parent=420"}],"curies":[{"name":"wp","href":"https:\/\/api.w.org\/{rel}","templated":true}]}}