{"id":410,"date":"2016-09-07T15:36:50","date_gmt":"2016-09-07T14:36:50","guid":{"rendered":"http:\/\/www.alunotherapy.com\/en\/?page_id=410"},"modified":"2016-09-07T15:36:50","modified_gmt":"2016-09-07T14:36:50","slug":"roll-on-menthol","status":"publish","type":"page","link":"https:\/\/www.alunotherapy.com\/en\/organic-deodorant\/roll-on-menthol\/","title":{"rendered":"Roll-on Menthol"},"content":{"rendered":"<p>[et_pb_section admin_label=&#8221;section&#8221;][et_pb_row admin_label=&#8221;row&#8221;][et_pb_column type=&#8221;4_4&#8243;][et_pb_text admin_label=&#8221;Texte&#8221; background_layout=&#8221;light&#8221; text_orientation=&#8221;left&#8221; use_border_color=&#8221;off&#8221; border_color=&#8221;#ffffff&#8221; border_style=&#8221;solid&#8221;]<\/p>\n<h1>Roll-on D\u00e9odorant Bio<\/h1>\n<h1>Alun-Fra\u00eecheur Menthol<\/h1>\n<p>[\/et_pb_text][\/et_pb_column][\/et_pb_row][et_pb_row admin_label=&#8221;Ligne&#8221;][et_pb_column type=&#8221;1_4&#8243;][et_pb_sidebar admin_label=&#8221;Barre lat\u00e9rale&#8221; orientation=&#8221;left&#8221; area=&#8221;et_pb_widget_area_1&#8243; background_layout=&#8221;light&#8221; remove_border=&#8221;off&#8221; module_class=&#8221;menu-vertical&#8221;] [\/et_pb_sidebar][\/et_pb_column][et_pb_column type=&#8221;3_4&#8243;][et_pb_text admin_label=&#8221;Texte&#8221; background_layout=&#8221;light&#8221; text_orientation=&#8221;left&#8221; use_border_color=&#8221;off&#8221; border_color=&#8221;#ffffff&#8221; border_style=&#8221;solid&#8221;]<\/p>\n<p style=\"text-align: justify;\"><img loading=\"lazy\" decoding=\"async\" class=\"alignright wp-image-249\" src=\"http:\/\/www.alunotherapy.com\/wp-content\/uploads\/2016\/04\/OSMA_ALUNOTHERAPY-Deodorant-Menthe-BD-300x300.jpg\" alt=\"OSMA_ALUNOTHERAPY-Deodorant alun-fraicheur menthol\" width=\"239\" height=\"239\" srcset=\"https:\/\/www.alunotherapy.com\/wp-content\/uploads\/2016\/04\/OSMA_ALUNOTHERAPY-Deodorant-Menthe-BD-300x300.jpg 300w, https:\/\/www.alunotherapy.com\/wp-content\/uploads\/2016\/04\/OSMA_ALUNOTHERAPY-Deodorant-Menthe-BD-150x150.jpg 150w, https:\/\/www.alunotherapy.com\/wp-content\/uploads\/2016\/04\/OSMA_ALUNOTHERAPY-Deodorant-Menthe-BD.jpg 550w\" sizes=\"(max-width: 239px) 100vw, 239px\" \/>Ce d\u00e9odorant roll-on bio <strong>alun-fra\u00eecheur menthol<\/strong>, combine l&#8217;efficacit\u00e9 de ces deux ingr\u00e9dients naturels<\/p>\n<p>La pierre d&#8217;alun connue pour ses vertus de r\u00e9gulation naturelle de la transpiration \u00a0est ici renforc\u00e9e par la sensation de fra\u00eecheur procur\u00e9 par les extrais de menthol.<\/p>\n<p><strong>La menthe poivr\u00e9e dont est issue la senteur menthol<\/strong> \u00a0de notre roll-on est une plante largement utilis\u00e9 dans le domaine m\u00e9dicinal.<\/p>\n<p>Tous nos d\u00e9odorants \u00e0 la pierre d\u2019alun sont formul\u00e9s avec plus de 99% d\u2019ingr\u00e9dients naturels, sans chlorhydrate d\u2019aluminium, sans paraben et sans alcool.<\/p>\n<p>Nous avons fait le choix de choisir une formulation certifi\u00e9e BIO afin de r\u00e9pondre \u00e0 la demande croissante de produits<img loading=\"lazy\" decoding=\"async\" class=\"alignright wp-image-238 size-full\" src=\"http:\/\/www.alunotherapy.com\/wp-content\/uploads\/2016\/04\/logo_BIO_fond_transparentpetitformat.png\" alt=\"cosm\u00e9tique bio\" width=\"100\" height=\"84\" \/>cosm\u00e9tiques\u00a0sains et efficaces.<img loading=\"lazy\" decoding=\"async\" class=\"size-full wp-image-390 alignright\" src=\"http:\/\/www.alunotherapy.com\/wp-content\/uploads\/2016\/04\/Logo-Triman.jpg\" alt=\"Logo Triman\" width=\"40\" height=\"38\" \/><\/p>\n<p>[\/et_pb_text][et_pb_text admin_label=&#8221;Texte&#8221; global_module=&#8221;213&#8243; saved_tabs=&#8221;all&#8221; background_layout=&#8221;light&#8221; text_orientation=&#8221;right&#8221; use_border_color=&#8221;off&#8221; border_color=&#8221;#ffffff&#8221; border_style=&#8221;solid&#8221;] <div class=\"printfriendly pf-button  pf-alignleft\">\n                    <a href=\"https:\/\/www.alunotherapy.com\/en\/organic-deodorant\/roll-on-menthol\/?pfstyle=wp\" rel=\"nofollow\" onclick=\"\" title=\"Printer Friendly, PDF & Email\">\n                    <img decoding=\"async\" class=\"pf-button-img\" src=\"https:\/\/cdn.printfriendly.com\/buttons\/printfriendly-pdf-button-nobg.png\" alt=\"Print Friendly, PDF & Email\" style=\"width: 112px;height: 24px;\"  \/>\n                    <\/a>\n                <\/div> [\/et_pb_text][et_pb_divider admin_label=&#8221;S\u00e9parateur&#8221; color=&#8221;#ffffff&#8221; show_divider=&#8221;on&#8221; divider_style=&#8221;solid&#8221; divider_position=&#8221;top&#8221; hide_on_mobile=&#8221;on&#8221; height=&#8221;20&#8243;] [\/et_pb_divider][et_pb_toggle admin_label=&#8221;Bascule&#8221; title=&#8221;Ingr\u00e9dients&#8221; open=&#8221;off&#8221; use_border_color=&#8221;off&#8221; border_color=&#8221;#ffffff&#8221; border_style=&#8221;solid&#8221;]<\/p>\n<p style=\"text-align: justify;\">Aqua, Aloe barbadensis*, potassium alum, glycerin, cetearyl alcohol and cetearyl wheat straw glycosides, microcristalline cellulose, cellulose gum, sodium benzoate, xanthan gum, aroma*<br \/>\n*ingr\u00e9dients issus de l\u2019agriculture biologique<br \/>\n99.6% des ingr\u00e9dients sont d\u2019origine naturelle<br \/>\n40% du total des ingr\u00e9dients sont issus de l\u2019agriculture biologique<br \/>\nCosm\u00e9tiques \u00c9cologiques et Biologiques certifi\u00e9s par ECOCERT Greenlife selon le r\u00e9f\u00e9rentiel ECOCERT disponible sur http:\/\/cosmetiques.ecocert.com<\/p>\n<p>[\/et_pb_toggle][\/et_pb_column][\/et_pb_row][\/et_pb_section]<\/p>\n","protected":false},"excerpt":{"rendered":"<p>Roll-on D\u00e9odorant Bio Alun-Fra\u00eecheur Menthol Ce d\u00e9odorant roll-on bio alun-fra\u00eecheur menthol, combine l&#8217;efficacit\u00e9 de ces deux ingr\u00e9dients naturels La pierre d&#8217;alun connue pour ses vertus de r\u00e9gulation naturelle de la transpiration \u00a0est ici renforc\u00e9e par la sensation de fra\u00eecheur procur\u00e9 par les extrais de menthol. La menthe poivr\u00e9e dont est issue la senteur menthol \u00a0de [&hellip;]<\/p>\n","protected":false},"author":1,"featured_media":0,"parent":407,"menu_order":0,"comment_status":"closed","ping_status":"closed","template":"","meta":{"_et_pb_use_builder":"on","_et_pb_old_content":"","_et_gb_content_width":"","footnotes":""},"class_list":["post-410","page","type-page","status-publish","hentry"],"_links":{"self":[{"href":"https:\/\/www.alunotherapy.com\/en\/wp-json\/wp\/v2\/pages\/410","targetHints":{"allow":["GET"]}}],"collection":[{"href":"https:\/\/www.alunotherapy.com\/en\/wp-json\/wp\/v2\/pages"}],"about":[{"href":"https:\/\/www.alunotherapy.com\/en\/wp-json\/wp\/v2\/types\/page"}],"author":[{"embeddable":true,"href":"https:\/\/www.alunotherapy.com\/en\/wp-json\/wp\/v2\/users\/1"}],"replies":[{"embeddable":true,"href":"https:\/\/www.alunotherapy.com\/en\/wp-json\/wp\/v2\/comments?post=410"}],"version-history":[{"count":1,"href":"https:\/\/www.alunotherapy.com\/en\/wp-json\/wp\/v2\/pages\/410\/revisions"}],"predecessor-version":[{"id":419,"href":"https:\/\/www.alunotherapy.com\/en\/wp-json\/wp\/v2\/pages\/410\/revisions\/419"}],"up":[{"embeddable":true,"href":"https:\/\/www.alunotherapy.com\/en\/wp-json\/wp\/v2\/pages\/407"}],"wp:attachment":[{"href":"https:\/\/www.alunotherapy.com\/en\/wp-json\/wp\/v2\/media?parent=410"}],"curies":[{"name":"wp","href":"https:\/\/api.w.org\/{rel}","templated":true}]}}