{"id":408,"date":"2016-09-07T15:35:13","date_gmt":"2016-09-07T14:35:13","guid":{"rendered":"http:\/\/www.alunotherapy.com\/en\/?page_id=408"},"modified":"2016-09-07T15:35:13","modified_gmt":"2016-09-07T14:35:13","slug":"roll-on-aloe-vera","status":"publish","type":"page","link":"https:\/\/www.alunotherapy.com\/en\/organic-deodorant\/roll-on-aloe-vera\/","title":{"rendered":"Roll-on Aloe Vera"},"content":{"rendered":"<p>[et_pb_section admin_label=&#8221;section&#8221;][et_pb_row admin_label=&#8221;row&#8221;][et_pb_column type=&#8221;4_4&#8243;][et_pb_text admin_label=&#8221;Texte&#8221; background_layout=&#8221;light&#8221; text_orientation=&#8221;left&#8221; use_border_color=&#8221;off&#8221; border_color=&#8221;#ffffff&#8221; border_style=&#8221;solid&#8221;]<\/p>\n<h1>Roll-on d\u00e9odorant BIO<\/h1>\n<h1>Aloe Vera et Pierre d&#8217;alun<\/h1>\n<p>[\/et_pb_text][\/et_pb_column][\/et_pb_row][et_pb_row admin_label=&#8221;Ligne&#8221;][et_pb_column type=&#8221;1_4&#8243;][et_pb_sidebar admin_label=&#8221;Barre lat\u00e9rale&#8221; orientation=&#8221;left&#8221; area=&#8221;et_pb_widget_area_1&#8243; background_layout=&#8221;light&#8221; remove_border=&#8221;off&#8221; module_class=&#8221;menu-vertical&#8221;] [\/et_pb_sidebar][\/et_pb_column][et_pb_column type=&#8221;3_4&#8243;][et_pb_text admin_label=&#8221;Texte&#8221; background_layout=&#8221;light&#8221; text_orientation=&#8221;left&#8221; use_border_color=&#8221;off&#8221; border_color=&#8221;#ffffff&#8221; border_style=&#8221;solid&#8221;] Fort d\u2019une ma\u00eetrise de <strong>la pierre d\u2019alun<\/strong>, nos laboratoires ont d\u00e9velopp\u00e9 cette gamme de <strong>d\u00e9odorant BIO<\/strong> dans le but; de vous assurer une hygi\u00e8ne parfaite au quotidien.<img loading=\"lazy\" decoding=\"async\" class=\"alignright wp-image-240 size-medium\" src=\"http:\/\/www.alunotherapy.com\/wp-content\/uploads\/2016\/04\/OSMA_ALUNOTHERAPY-Deodorant-AloeVera-BD-300x300.jpg\" alt=\"D\u00e9odorant Bio Aloe vera\" width=\"300\" height=\"300\" \/> C\u2019est sous un format simple d\u2019utilisation que les Laboratoires Osma mettent \u00e0 profit les propri\u00e9t\u00e9s astringentes et anti bact\u00e9riennes de la Pierre d\u2019alun. Excellent r\u00e9gulateur de transpiration naturel, le cristal d\u2019alun \u00e9limine l\u2019apparition des mauvaises odeurs. Ce d\u00e9odorant est <strong>enrichi \u00e0 l\u2019Aloe V\u00e9ra<\/strong> connu pour ses vertus r\u00e9g\u00e9n\u00e9rantes et hydratantes. <strong>Garanti sans paraben, sans alcool, sans chlorhydrate d\u2019aluminium. <\/strong> Nous avons fait le choix de choisir une formulation certifi\u00e9e BIO afin de r\u00e9pondre \u00e0 la demande croissante de produits\u00a0<img loading=\"lazy\" decoding=\"async\" class=\"alignright wp-image-238 size-full\" src=\"http:\/\/www.alunotherapy.com\/wp-content\/uploads\/2016\/04\/logo_BIO_fond_transparentpetitformat.png\" alt=\"cosm\u00e9tique bio\" width=\"100\" height=\"84\" \/>cosm\u00e9tiques\u00a0sains et efficaces.<img loading=\"lazy\" decoding=\"async\" class=\"size-full wp-image-390 alignright\" src=\"http:\/\/www.alunotherapy.com\/wp-content\/uploads\/2016\/04\/Logo-Triman.jpg\" alt=\"Logo Triman\" width=\"40\" height=\"38\" \/> [\/et_pb_text][et_pb_text admin_label=&#8221;Texte&#8221; global_module=&#8221;213&#8243; saved_tabs=&#8221;all&#8221; background_layout=&#8221;light&#8221; text_orientation=&#8221;right&#8221; use_border_color=&#8221;off&#8221; border_color=&#8221;#ffffff&#8221; border_style=&#8221;solid&#8221;] <div class=\"printfriendly pf-button  pf-alignleft\">\n                    <a href=\"https:\/\/www.alunotherapy.com\/en\/organic-deodorant\/roll-on-aloe-vera\/?pfstyle=wp\" rel=\"nofollow\" onclick=\"\" title=\"Printer Friendly, PDF & Email\">\n                    <img decoding=\"async\" class=\"pf-button-img\" src=\"https:\/\/cdn.printfriendly.com\/buttons\/printfriendly-pdf-button-nobg.png\" alt=\"Print Friendly, PDF & Email\" style=\"width: 112px;height: 24px;\"  \/>\n                    <\/a>\n                <\/div> [\/et_pb_text][et_pb_divider admin_label=&#8221;S\u00e9parateur&#8221; color=&#8221;#ffffff&#8221; show_divider=&#8221;off&#8221; divider_style=&#8221;solid&#8221; divider_position=&#8221;top&#8221; hide_on_mobile=&#8221;on&#8221; height=&#8221;20&#8243;] [\/et_pb_divider][et_pb_toggle admin_label=&#8221;Bascule&#8221; title=&#8221;Ingr\u00e9dients&#8221; open=&#8221;off&#8221; use_border_color=&#8221;off&#8221; border_color=&#8221;#ffffff&#8221; border_style=&#8221;solid&#8221;]<\/p>\n<p style=\"text-align: justify;\">Aqua ,\u00a0 Aloe Barbandesis *(Aloe Vera Bio), Potassium Alum\u00a0 (Poudre de pierre d\u2019Alun), Glycerin, Cetearyl alcohol and cetearyl wheat straw glycosides, Microcristalline cellulose and cellulose gum , Sodium Benzoate, Xanthan Gum.\u00a0 *Ingr\u00e9dients issus de l\u2019agriculture biologique 99,6% des ingr\u00e9dients sont d\u2019origine naturelle 40% du total des ingr\u00e9dients sont issus de l\u2019Agriculture Biologique. Cosm\u00e9tique Ecologique et Biologique certifi\u00e9 par Ecocert Greenlife selon le r\u00e9f\u00e9rentiel Ecocert disponible sur http:\/\/cosmetiquesecocert.com<\/p>\n<p>[\/et_pb_toggle][\/et_pb_column][\/et_pb_row][\/et_pb_section]<\/p>\n","protected":false},"excerpt":{"rendered":"<p>Roll-on d\u00e9odorant BIO Aloe Vera et Pierre d&#8217;alun Fort d\u2019une ma\u00eetrise de la pierre d\u2019alun, nos laboratoires ont d\u00e9velopp\u00e9 cette gamme de d\u00e9odorant BIO dans le but; de vous assurer une hygi\u00e8ne parfaite au quotidien. C\u2019est sous un format simple d\u2019utilisation que les Laboratoires Osma mettent \u00e0 profit les propri\u00e9t\u00e9s astringentes et anti bact\u00e9riennes de [&hellip;]<\/p>\n","protected":false},"author":1,"featured_media":0,"parent":407,"menu_order":0,"comment_status":"closed","ping_status":"closed","template":"","meta":{"_et_pb_use_builder":"on","_et_pb_old_content":"","_et_gb_content_width":"","footnotes":""},"class_list":["post-408","page","type-page","status-publish","hentry"],"_links":{"self":[{"href":"https:\/\/www.alunotherapy.com\/en\/wp-json\/wp\/v2\/pages\/408","targetHints":{"allow":["GET"]}}],"collection":[{"href":"https:\/\/www.alunotherapy.com\/en\/wp-json\/wp\/v2\/pages"}],"about":[{"href":"https:\/\/www.alunotherapy.com\/en\/wp-json\/wp\/v2\/types\/page"}],"author":[{"embeddable":true,"href":"https:\/\/www.alunotherapy.com\/en\/wp-json\/wp\/v2\/users\/1"}],"replies":[{"embeddable":true,"href":"https:\/\/www.alunotherapy.com\/en\/wp-json\/wp\/v2\/comments?post=408"}],"version-history":[{"count":1,"href":"https:\/\/www.alunotherapy.com\/en\/wp-json\/wp\/v2\/pages\/408\/revisions"}],"predecessor-version":[{"id":417,"href":"https:\/\/www.alunotherapy.com\/en\/wp-json\/wp\/v2\/pages\/408\/revisions\/417"}],"up":[{"embeddable":true,"href":"https:\/\/www.alunotherapy.com\/en\/wp-json\/wp\/v2\/pages\/407"}],"wp:attachment":[{"href":"https:\/\/www.alunotherapy.com\/en\/wp-json\/wp\/v2\/media?parent=408"}],"curies":[{"name":"wp","href":"https:\/\/api.w.org\/{rel}","templated":true}]}}